{"id":24,"date":"2016-08-20T15:53:39","date_gmt":"2016-08-20T13:53:39","guid":{"rendered":"http:\/\/www.wp.rabitti.eu\/?page_id=24"},"modified":"2016-09-02T15:48:07","modified_gmt":"2016-09-02T13:48:07","slug":"privacy","status":"publish","type":"page","link":"https:\/\/www.rabitti.eu\/fr\/privacy.php","title":{"rendered":"Informativa sui cookie"},"content":{"rendered":"<p>Afin de faire fonctionner avec succ\u00e8s ce site, parfois nous installer sur votre petit appareil des fichiers de donn\u00e9es appel\u00e9s \u00abcookies\u00bb. M\u00eame la plupart des grands sites font la m\u00eame chose.<\/p>\n<h2>Que sont les cookies?<\/h2>\n<p>Un cookie est un petit fichier texte que les sites Web Store sur votre ordinateur ou appareil mobile lorsque vous les visitez. Merci aux t\u00e9moins le site pensez \u00e0 vos actions et pr\u00e9f\u00e9rences (par exemple. Login, la langue, la taille de la police et d&rsquo;autres param\u00e8tres d&rsquo;affichage) de sorte que vous ne saisissez pas de nouveau quand vous revenez sur le site et naviguer de page en page.<\/p>\n<h2>Comment nous utilisons les cookies?<\/h2>\n<p>A l&rsquo;int\u00e9rieur Rabitti.eu ils pourraient \u00eatre utilis\u00e9s les cookies ou d&rsquo;autres types d&rsquo;identificateurs pour un certain nombre de raisons, y compris:<\/p>\n<ul>\n<li>Fournir un acc\u00e8s aux zones r\u00e9glement\u00e9es du site et accedibili derri\u00e8re l&rsquo;authentification (dans ce cas, les cookies sont appel\u00e9s \u00abtechniques\u00bb et sont utilis\u00e9s pour maintenir la session de navigation et \/ ou pour faciliter l&rsquo;acc\u00e8s ult\u00e9rieur par le m\u00eame dispositif).<\/li>\n<li>les pr\u00e9f\u00e9rences des utilisateurs de la piste lors de l&rsquo;utilisation du Site et \/ ou des services qui y sont incorpor\u00e9s ou qui lui est reli\u00e9.<\/li>\n<li>Fournir un contenu pertinent aux int\u00e9r\u00eats d&rsquo;un visiteur (uniquement les cookies tiers).<\/li>\n<li>analyse globale statistique (analytique) sur l&rsquo;utilisation du site et \/ ou des services couverts par le contrat.<\/li>\n<li>Mener des recherches pour am\u00e9liorer le contenu, les produits et l&rsquo;Rabitti.eu des services ou de ses partenaires.<\/li>\n<\/ul>\n<p><strong>Rabitti.eu PAS utilise directement aucun cookie profilage<\/strong>: le seul biscuit g\u00e9n\u00e9r\u00e9 et g\u00e9r\u00e9 directement \u00e0 partir de Rabitti.eu sont soi-disant t\u00e9moins techniques (qui sont utilis\u00e9s exclusivement pour fournir les services offerts correctement au public) et dans une mesure tr\u00e8s limit\u00e9e , analyse les cookies (qui sont utilis\u00e9s pour compter le nombre de lectures aux diff\u00e9rentes pages du site et \/ ou \u00e0 d&rsquo;autres fins statistiques). Notez, cependant, les utilisateurs que gr\u00e2ce \u00e0 nos pages peuvent \u00eatre g\u00e9n\u00e9r\u00e9es cookies profilage par des tiers.<\/p>\n<h2>Comment contr\u00f4ler les cookies?<\/h2>\n<p>Vous pouvez v\u00e9rifier et \/ ou v\u00e9rifier les biscuits que vous le souhaitez &#8211; pour en savoir plus, allez \u00e0 <a href=\"http:\/\/www.aboutcookies.org\/\" target=\"_blank\">aboutcookies.org<\/a>. Vous pouvez supprimer les cookies d\u00e9j\u00e0 sur votre ordinateur et r\u00e9gler la plupart des navigateurs pour bloquer son installation. Si vous choisissez cette option, cependant, vous aurez besoin de modifier manuellement certaines pr\u00e9f\u00e9rences chaque fois que vous visitez le site et il est possible que certains services ou certaines fonctions peuvent ne pas \u00eatre disponibles.<\/p>\n<p>Vous pouvez configurer votre navigateur pour accepter ou rejeter tous les cookies ou certains types de cookies (comme les cookies tiers) ou vous pouvez choisir d&rsquo;\u00eatre averti chaque fois qu&rsquo;un cookie est plac\u00e9 \u00e0 l&rsquo;int\u00e9rieur de votre ordinateur.<\/p>\n<p>Il est important de savoir que le rejet de tous les cookies peut vous emp\u00eacher de profiter des produits et services Rabitti.eu qui vous obligent \u00e0 acc\u00e9der, via un nom d&rsquo;utilisateur et mot de passe, aux zones r\u00e9serv\u00e9es pour les utilisateurs enregistr\u00e9s. Tous ces services, en fait, n\u00e9cessitent des cookies pour fonctionner correctement et, par cons\u00e9quent, le blocage possible des cookies, il serait impossible d&rsquo;utiliser.<\/p>","protected":false},"excerpt":{"rendered":"<p>Afin de faire fonctionner avec succ\u00e8s ce site, parfois nous installer sur votre petit appareil des fichiers de donn\u00e9es appel\u00e9s \u00abcookies\u00bb. M\u00eame la plupart des grands sites font la m\u00eame chose. Que sont les cookies? Un cookie est un petit fichier texte que les sites Web Store sur votre ordinateur ou appareil mobile lorsque vous [&hellip;]<\/p>\n","protected":false},"author":1,"featured_media":0,"parent":0,"menu_order":0,"comment_status":"closed","ping_status":"closed","template":"","meta":{"footnotes":""},"class_list":["post-24","page","type-page","status-publish","czr-hentry"],"yoast_head":"<!-- This site is optimized with the Yoast SEO plugin v25.9 - https:\/\/yoast.com\/wordpress\/plugins\/seo\/ -->\n<title>Informativa sui cookie - Ferme Rabitti<\/title>\n<meta name=\"robots\" content=\"index, follow, max-snippet:-1, max-image-preview:large, max-video-preview:-1\" \/>\n<link rel=\"canonical\" href=\"https:\/\/www.rabitti.eu\/privacy.php\" \/>\n<meta property=\"og:locale\" content=\"fr_FR\" \/>\n<meta property=\"og:type\" content=\"article\" \/>\n<meta property=\"og:title\" content=\"Informativa sui cookie - Ferme Rabitti\" \/>\n<meta property=\"og:description\" content=\"Afin de faire fonctionner avec succ\u00e8s ce site, parfois nous installer sur votre petit appareil des fichiers de donn\u00e9es appel\u00e9s \u00abcookies\u00bb. M\u00eame la plupart des grands sites font la m\u00eame chose. Que sont les cookies? Un cookie est un petit fichier texte que les sites Web Store sur votre ordinateur ou appareil mobile lorsque vous [&hellip;]\" \/>\n<meta property=\"og:url\" content=\"https:\/\/www.rabitti.eu\/privacy.php\" \/>\n<meta property=\"og:site_name\" content=\"Ferme Rabitti\" \/>\n<meta property=\"article:modified_time\" content=\"2016-09-02T13:48:07+00:00\" \/>\n<meta name=\"twitter:card\" content=\"summary_large_image\" \/>\n<meta name=\"twitter:label1\" content=\"Dur\u00e9e de lecture estim\u00e9e\" \/>\n\t<meta name=\"twitter:data1\" content=\"7 minutes\" \/>\n<script type=\"application\/ld+json\" class=\"yoast-schema-graph\">{\"@context\":\"https:\/\/schema.org\",\"@graph\":[{\"@type\":\"WebPage\",\"@id\":\"https:\/\/www.rabitti.eu\/privacy.php\",\"url\":\"https:\/\/www.rabitti.eu\/privacy.php\",\"name\":\"Informativa sui cookie - Ferme Rabitti\",\"isPartOf\":{\"@id\":\"http:\/\/www.rabitti.eu\/#website\"},\"datePublished\":\"2016-08-20T13:53:39+00:00\",\"dateModified\":\"2016-09-02T13:48:07+00:00\",\"breadcrumb\":{\"@id\":\"https:\/\/www.rabitti.eu\/privacy.php#breadcrumb\"},\"inLanguage\":\"fr-FR\",\"potentialAction\":[{\"@type\":\"ReadAction\",\"target\":[\"https:\/\/www.rabitti.eu\/privacy.php\"]}]},{\"@type\":\"BreadcrumbList\",\"@id\":\"https:\/\/www.rabitti.eu\/privacy.php#breadcrumb\",\"itemListElement\":[{\"@type\":\"ListItem\",\"position\":1,\"name\":\"Home\",\"item\":\"https:\/\/www.rabitti.eu\/en\/\"},{\"@type\":\"ListItem\",\"position\":2,\"name\":\"Informativa sui cookie\"}]},{\"@type\":\"WebSite\",\"@id\":\"http:\/\/www.rabitti.eu\/#website\",\"url\":\"http:\/\/www.rabitti.eu\/\",\"name\":\"Ferme Rabitti\",\"description\":\"Vin, truffes, huile d&#039;olive extra vierge\",\"potentialAction\":[{\"@type\":\"SearchAction\",\"target\":{\"@type\":\"EntryPoint\",\"urlTemplate\":\"http:\/\/www.rabitti.eu\/?s={search_term_string}\"},\"query-input\":{\"@type\":\"PropertyValueSpecification\",\"valueRequired\":true,\"valueName\":\"search_term_string\"}}],\"inLanguage\":\"fr-FR\"}]}<\/script>\n<!-- \/ Yoast SEO plugin. -->","yoast_head_json":{"title":"Informativa sui cookie - Ferme Rabitti","robots":{"index":"index","follow":"follow","max-snippet":"max-snippet:-1","max-image-preview":"max-image-preview:large","max-video-preview":"max-video-preview:-1"},"canonical":"https:\/\/www.rabitti.eu\/privacy.php","og_locale":"fr_FR","og_type":"article","og_title":"Informativa sui cookie - Ferme Rabitti","og_description":"Afin de faire fonctionner avec succ\u00e8s ce site, parfois nous installer sur votre petit appareil des fichiers de donn\u00e9es appel\u00e9s \u00abcookies\u00bb. M\u00eame la plupart des grands sites font la m\u00eame chose. Que sont les cookies? Un cookie est un petit fichier texte que les sites Web Store sur votre ordinateur ou appareil mobile lorsque vous [&hellip;]","og_url":"https:\/\/www.rabitti.eu\/privacy.php","og_site_name":"Ferme Rabitti","article_modified_time":"2016-09-02T13:48:07+00:00","twitter_card":"summary_large_image","twitter_misc":{"Dur\u00e9e de lecture estim\u00e9e":"7 minutes"},"schema":{"@context":"https:\/\/schema.org","@graph":[{"@type":"WebPage","@id":"https:\/\/www.rabitti.eu\/privacy.php","url":"https:\/\/www.rabitti.eu\/privacy.php","name":"Informativa sui cookie - Ferme Rabitti","isPartOf":{"@id":"http:\/\/www.rabitti.eu\/#website"},"datePublished":"2016-08-20T13:53:39+00:00","dateModified":"2016-09-02T13:48:07+00:00","breadcrumb":{"@id":"https:\/\/www.rabitti.eu\/privacy.php#breadcrumb"},"inLanguage":"fr-FR","potentialAction":[{"@type":"ReadAction","target":["https:\/\/www.rabitti.eu\/privacy.php"]}]},{"@type":"BreadcrumbList","@id":"https:\/\/www.rabitti.eu\/privacy.php#breadcrumb","itemListElement":[{"@type":"ListItem","position":1,"name":"Home","item":"https:\/\/www.rabitti.eu\/en\/"},{"@type":"ListItem","position":2,"name":"Informativa sui cookie"}]},{"@type":"WebSite","@id":"http:\/\/www.rabitti.eu\/#website","url":"http:\/\/www.rabitti.eu\/","name":"Ferme Rabitti","description":"Vin, truffes, huile d&#039;olive extra vierge","potentialAction":[{"@type":"SearchAction","target":{"@type":"EntryPoint","urlTemplate":"http:\/\/www.rabitti.eu\/?s={search_term_string}"},"query-input":{"@type":"PropertyValueSpecification","valueRequired":true,"valueName":"search_term_string"}}],"inLanguage":"fr-FR"}]}},"_links":{"self":[{"href":"https:\/\/www.rabitti.eu\/fr\/wp-json\/wp\/v2\/pages\/24","targetHints":{"allow":["GET"]}}],"collection":[{"href":"https:\/\/www.rabitti.eu\/fr\/wp-json\/wp\/v2\/pages"}],"about":[{"href":"https:\/\/www.rabitti.eu\/fr\/wp-json\/wp\/v2\/types\/page"}],"author":[{"embeddable":true,"href":"https:\/\/www.rabitti.eu\/fr\/wp-json\/wp\/v2\/users\/1"}],"replies":[{"embeddable":true,"href":"https:\/\/www.rabitti.eu\/fr\/wp-json\/wp\/v2\/comments?post=24"}],"version-history":[{"count":4,"href":"https:\/\/www.rabitti.eu\/fr\/wp-json\/wp\/v2\/pages\/24\/revisions"}],"predecessor-version":[{"id":271,"href":"https:\/\/www.rabitti.eu\/fr\/wp-json\/wp\/v2\/pages\/24\/revisions\/271"}],"wp:attachment":[{"href":"https:\/\/www.rabitti.eu\/fr\/wp-json\/wp\/v2\/media?parent=24"}],"curies":[{"name":"wp","href":"https:\/\/api.w.org\/{rel}","templated":true}]}}