{"id":20,"date":"2016-08-20T15:51:40","date_gmt":"2016-08-20T13:51:40","guid":{"rendered":"http:\/\/www.wp.rabitti.eu\/?page_id=20"},"modified":"2016-09-23T16:05:43","modified_gmt":"2016-09-23T14:05:43","slug":"dove-siamo","status":"publish","type":"page","link":"https:\/\/www.rabitti.eu\/fr\/ou-nous-sommes.php","title":{"rendered":"O\u00fa nous trouver"},"content":{"rendered":"<p>L\u00b4entreprise Rabitti est situ\u00e9e \u00e0 Calzalunga <strong>Suvereto (LI) &#8211; IT<\/strong>, dans le coeur de la Toscane, \u00e0 quelques kilom\u00e8tres de <em>Bolgheri<\/em> et <em>Castagneto Carducci<\/em>. Bien que le territoire est g\u00e9n\u00e9ralement vallonn\u00e9, nous sommes \u00e9galement \u00e0 seulement quelques kilom\u00e8tres de la magnifique mer de la C\u00f4te des Etrusques, entour\u00e9s de parcs d&rsquo;int\u00e9r\u00eat touristique et environnemental (en effets l\u00b4entreprise est proche du <a href=\"http:\/\/www.parchivaldicornia.it\/parco.php?codex=mont-gen\" target=\"_blank\">Parc Naturel de Montioni<\/a>).<\/p>\n<p>&nbsp;<\/p>\n<p><strong>Ferme Rabitti<\/strong><br \/>\nLoc. Calzalunga &#8211; Suvereto (LI)<br \/>\nAlta Maremma\u00a0Toscane &#8211; Italie<br \/>\n<a href=\"http:\/\/www.rabitti.eu\/\">www.rabitti.eu<\/a> &#8211; <a href=\"mailto:info@rabitti.eu\">info@rabitti.eu<\/a><br \/>\nT\u00e8l. +39 339 8481190\u00a0(italien\/anglais)<br \/>\nTVA IT 05967290486<\/p>\n<p><u>Visites d&rsquo;entreprises par rendez-vous seulement.<\/u><\/p>\n<p>&nbsp;<\/p>\n<p>Suvereto est un particulier bourg m\u00e9di\u00e9val de la haute Maremme toscane, riche en histoire et en tradition; est l&rsquo;un des villages de la Val di Cornia et a \u00e9t\u00e9 r\u00e9cemment inclus parmi \u00ab<a href=\"http:\/\/www.borghipiubelliditalia.it\/borghi-details?view=village&amp;id=121\" target=\"_blank\">Les Plus Beaux Villages d&rsquo;Italie<\/a>\u00ab\u00a0. Le nom vient du latin <em>suber<\/em>, t\u00e9moign\u00e9 pour la premi\u00e8re fois en l\u00b4ann\u00e9e 973, et pourtant Suvereto est les \u00ab\u00a0bois de li\u00e8ge\u00a0\u00bb.<\/p>\n<p><iframe loading=\"lazy\" style=\"border: 0;\" src=\"https:\/\/www.google.com\/maps\/embed?pb=!1m18!1m12!1m3!1d12009.839708260355!2d10.743580307065812!3d43.06764864132077!2m3!1f0!2f0!3f0!3m2!1i1024!2i768!4f13.1!3m3!1m2!1s0x1329e44abcc178a5%3A0xdf759d9afd25155c!2sLocalit%C3%A0+Calzalunga%2C+57028+Suvereto+LI!5e1!3m2!1sit!2sit!4v1472025204910\" width=\"1200\" height=\"600\" frameborder=\"0\" allowfullscreen=\"allowfullscreen\"><\/iframe><\/p>","protected":false},"excerpt":{"rendered":"<p>L\u00b4entreprise Rabitti est situ\u00e9e \u00e0 Calzalunga Suvereto (LI) &#8211; IT, dans le coeur de la Toscane, \u00e0 quelques kilom\u00e8tres de Bolgheri et Castagneto Carducci. Bien que le territoire est g\u00e9n\u00e9ralement vallonn\u00e9, nous sommes \u00e9galement \u00e0 seulement quelques kilom\u00e8tres de la magnifique mer de la C\u00f4te des Etrusques, entour\u00e9s de parcs d&rsquo;int\u00e9r\u00eat touristique et environnemental (en [&hellip;]<\/p>\n","protected":false},"author":1,"featured_media":0,"parent":0,"menu_order":0,"comment_status":"closed","ping_status":"closed","template":"","meta":{"footnotes":""},"class_list":["post-20","page","type-page","status-publish","czr-hentry"],"yoast_head":"<!-- This site is optimized with the Yoast SEO plugin v25.9 - https:\/\/yoast.com\/wordpress\/plugins\/seo\/ -->\n<title>O\u00fa nous trouver - Ferme Rabitti<\/title>\n<meta name=\"robots\" content=\"index, follow, max-snippet:-1, max-image-preview:large, max-video-preview:-1\" \/>\n<link rel=\"canonical\" href=\"https:\/\/www.rabitti.eu\/dove-siamo.php\" \/>\n<meta property=\"og:locale\" content=\"fr_FR\" \/>\n<meta property=\"og:type\" content=\"article\" \/>\n<meta property=\"og:title\" content=\"O\u00fa nous trouver - Ferme Rabitti\" \/>\n<meta property=\"og:description\" content=\"L\u00b4entreprise Rabitti est situ\u00e9e \u00e0 Calzalunga Suvereto (LI) &#8211; IT, dans le coeur de la Toscane, \u00e0 quelques kilom\u00e8tres de Bolgheri et Castagneto Carducci. Bien que le territoire est g\u00e9n\u00e9ralement vallonn\u00e9, nous sommes \u00e9galement \u00e0 seulement quelques kilom\u00e8tres de la magnifique mer de la C\u00f4te des Etrusques, entour\u00e9s de parcs d&rsquo;int\u00e9r\u00eat touristique et environnemental (en [&hellip;]\" \/>\n<meta property=\"og:url\" content=\"https:\/\/www.rabitti.eu\/dove-siamo.php\" \/>\n<meta property=\"og:site_name\" content=\"Ferme Rabitti\" \/>\n<meta property=\"article:modified_time\" content=\"2016-09-23T14:05:43+00:00\" \/>\n<meta name=\"twitter:card\" content=\"summary_large_image\" \/>\n<meta name=\"twitter:label1\" content=\"Dur\u00e9e de lecture estim\u00e9e\" \/>\n\t<meta name=\"twitter:data1\" content=\"2 minutes\" \/>\n<script type=\"application\/ld+json\" class=\"yoast-schema-graph\">{\"@context\":\"https:\/\/schema.org\",\"@graph\":[{\"@type\":\"WebPage\",\"@id\":\"https:\/\/www.rabitti.eu\/dove-siamo.php\",\"url\":\"https:\/\/www.rabitti.eu\/dove-siamo.php\",\"name\":\"O\u00fa nous trouver - Ferme Rabitti\",\"isPartOf\":{\"@id\":\"http:\/\/www.rabitti.eu\/#website\"},\"datePublished\":\"2016-08-20T13:51:40+00:00\",\"dateModified\":\"2016-09-23T14:05:43+00:00\",\"breadcrumb\":{\"@id\":\"https:\/\/www.rabitti.eu\/dove-siamo.php#breadcrumb\"},\"inLanguage\":\"fr-FR\",\"potentialAction\":[{\"@type\":\"ReadAction\",\"target\":[\"https:\/\/www.rabitti.eu\/dove-siamo.php\"]}]},{\"@type\":\"BreadcrumbList\",\"@id\":\"https:\/\/www.rabitti.eu\/dove-siamo.php#breadcrumb\",\"itemListElement\":[{\"@type\":\"ListItem\",\"position\":1,\"name\":\"Home\",\"item\":\"https:\/\/www.rabitti.eu\/en\/\"},{\"@type\":\"ListItem\",\"position\":2,\"name\":\"Dove siamo\"}]},{\"@type\":\"WebSite\",\"@id\":\"http:\/\/www.rabitti.eu\/#website\",\"url\":\"http:\/\/www.rabitti.eu\/\",\"name\":\"Ferme Rabitti\",\"description\":\"Vin, truffes, huile d&#039;olive extra vierge\",\"potentialAction\":[{\"@type\":\"SearchAction\",\"target\":{\"@type\":\"EntryPoint\",\"urlTemplate\":\"http:\/\/www.rabitti.eu\/?s={search_term_string}\"},\"query-input\":{\"@type\":\"PropertyValueSpecification\",\"valueRequired\":true,\"valueName\":\"search_term_string\"}}],\"inLanguage\":\"fr-FR\"}]}<\/script>\n<!-- \/ Yoast SEO plugin. -->","yoast_head_json":{"title":"O\u00fa nous trouver - Ferme Rabitti","robots":{"index":"index","follow":"follow","max-snippet":"max-snippet:-1","max-image-preview":"max-image-preview:large","max-video-preview":"max-video-preview:-1"},"canonical":"https:\/\/www.rabitti.eu\/dove-siamo.php","og_locale":"fr_FR","og_type":"article","og_title":"O\u00fa nous trouver - Ferme Rabitti","og_description":"L\u00b4entreprise Rabitti est situ\u00e9e \u00e0 Calzalunga Suvereto (LI) &#8211; IT, dans le coeur de la Toscane, \u00e0 quelques kilom\u00e8tres de Bolgheri et Castagneto Carducci. Bien que le territoire est g\u00e9n\u00e9ralement vallonn\u00e9, nous sommes \u00e9galement \u00e0 seulement quelques kilom\u00e8tres de la magnifique mer de la C\u00f4te des Etrusques, entour\u00e9s de parcs d&rsquo;int\u00e9r\u00eat touristique et environnemental (en [&hellip;]","og_url":"https:\/\/www.rabitti.eu\/dove-siamo.php","og_site_name":"Ferme Rabitti","article_modified_time":"2016-09-23T14:05:43+00:00","twitter_card":"summary_large_image","twitter_misc":{"Dur\u00e9e de lecture estim\u00e9e":"2 minutes"},"schema":{"@context":"https:\/\/schema.org","@graph":[{"@type":"WebPage","@id":"https:\/\/www.rabitti.eu\/dove-siamo.php","url":"https:\/\/www.rabitti.eu\/dove-siamo.php","name":"O\u00fa nous trouver - Ferme Rabitti","isPartOf":{"@id":"http:\/\/www.rabitti.eu\/#website"},"datePublished":"2016-08-20T13:51:40+00:00","dateModified":"2016-09-23T14:05:43+00:00","breadcrumb":{"@id":"https:\/\/www.rabitti.eu\/dove-siamo.php#breadcrumb"},"inLanguage":"fr-FR","potentialAction":[{"@type":"ReadAction","target":["https:\/\/www.rabitti.eu\/dove-siamo.php"]}]},{"@type":"BreadcrumbList","@id":"https:\/\/www.rabitti.eu\/dove-siamo.php#breadcrumb","itemListElement":[{"@type":"ListItem","position":1,"name":"Home","item":"https:\/\/www.rabitti.eu\/en\/"},{"@type":"ListItem","position":2,"name":"Dove siamo"}]},{"@type":"WebSite","@id":"http:\/\/www.rabitti.eu\/#website","url":"http:\/\/www.rabitti.eu\/","name":"Ferme Rabitti","description":"Vin, truffes, huile d&#039;olive extra vierge","potentialAction":[{"@type":"SearchAction","target":{"@type":"EntryPoint","urlTemplate":"http:\/\/www.rabitti.eu\/?s={search_term_string}"},"query-input":{"@type":"PropertyValueSpecification","valueRequired":true,"valueName":"search_term_string"}}],"inLanguage":"fr-FR"}]}},"_links":{"self":[{"href":"https:\/\/www.rabitti.eu\/fr\/wp-json\/wp\/v2\/pages\/20","targetHints":{"allow":["GET"]}}],"collection":[{"href":"https:\/\/www.rabitti.eu\/fr\/wp-json\/wp\/v2\/pages"}],"about":[{"href":"https:\/\/www.rabitti.eu\/fr\/wp-json\/wp\/v2\/types\/page"}],"author":[{"embeddable":true,"href":"https:\/\/www.rabitti.eu\/fr\/wp-json\/wp\/v2\/users\/1"}],"replies":[{"embeddable":true,"href":"https:\/\/www.rabitti.eu\/fr\/wp-json\/wp\/v2\/comments?post=20"}],"version-history":[{"count":11,"href":"https:\/\/www.rabitti.eu\/fr\/wp-json\/wp\/v2\/pages\/20\/revisions"}],"predecessor-version":[{"id":295,"href":"https:\/\/www.rabitti.eu\/fr\/wp-json\/wp\/v2\/pages\/20\/revisions\/295"}],"wp:attachment":[{"href":"https:\/\/www.rabitti.eu\/fr\/wp-json\/wp\/v2\/media?parent=20"}],"curies":[{"name":"wp","href":"https:\/\/api.w.org\/{rel}","templated":true}]}}