{"id":2,"date":"2016-08-18T16:42:02","date_gmt":"2016-08-18T14:42:02","guid":{"rendered":"http:\/\/www.wp.rabitti.eu\/?page_id=2"},"modified":"2016-09-18T17:08:20","modified_gmt":"2016-09-18T15:08:20","slug":"pagina-di-esempio","status":"publish","type":"page","link":"https:\/\/www.rabitti.eu\/fr\/","title":{"rendered":"Rabitti &#8211; Vin, huile d&rsquo;olive vierge extra, truffes noires et blanches de Toscane"},"content":{"rendered":"<p>Un territoire particulier, celui de la \u00ab\u00a0<strong>Calzalunga<\/strong>\u00a0\u00bb (ou, comme on l&rsquo;appellait dans l&rsquo;ancienne, <em>Casale Longo<\/em>) \u00e0 <strong>Suvereto<\/strong>, avec de petites zones destin\u00e9es \u00e0 aboutir \u00e0 des excellents produits&#8230; pour un peu d&rsquo;histoire, d\u00e9j\u00e0 <strong>Elisa<\/strong> <strong>Bonaparte<\/strong>, s\u0153ur de Napol\u00e9on, avait choisi cet endroit pour construire sa r\u00e9sidence d&rsquo;\u00e9t\u00e9 et boire \u00ab\u00a0<em>le bon vin de Casal Longo<\/em>\u00ab\u00a0, tel rapport\u00e9 par les anciens textes &#8230; une agriculture manuelle, pas invasive, o\u00f9 la plupart des op\u00e9rations sont effectu\u00e9es \u00e0 main. Tels sont les ingr\u00e9dients melang\u00e9s par Flavio Rabitti pour donner lieu \u00e0 une petite soci\u00e9t\u00e9 de production dans le coeur de la Toscane.<\/p>\n<p>\u00abDans mon entreprise, qui se trouve \u00e1 quelques dizaines de kilom\u00e8tres de Bolgheri et Castagneto Carducci, je travaille principalement pour la production du <strong>vin<\/strong> (<strong>Rouge<\/strong> <strong>et Blanc I.G.T. de Toscane<\/strong> et\u00a0<strong>Val di Cornia D.O.C.<\/strong>) et de <strong>l&rsquo;Huile d&rsquo;Olive Vierge Extra I.G.P. de Toscane <\/strong>\u2013 <em>de qualit\u00e9 sup\u00e9rieure<\/em>\u00bb.<\/p>\n<p>En outre, dans les r\u00e9gions bois\u00e9es situ\u00e9es dans d&rsquo;autres parties de la Toscane mais quand m\u00eame proches de la propri\u00e9t\u00e9 de mon entreprise, poussent naturellement parfum\u00e9es et pr\u00e9cieuses <strong>truffes\u00a0<\/strong><strong>blanches<\/strong> <strong>et noires<\/strong> que je cerche personnellement avec l&rsquo;aide de mon fid\u00e8le ami \u00e0 quatre pattes et que je vends pour le plaisir de mes clients fid\u00e8les.<\/p>\n<p>Mais quelle est la <em>qualit\u00e9 sup\u00e9rieure<\/em> dont je parle?<\/p>\n<p>Chacun de nous a sa propre conception de qualit\u00e9, il est donc difficile d&rsquo;avoir une d\u00e9finition objective qui puisse \u00eatre prise comme r\u00e9f\u00e9rence. Ce que je pense, c&rsquo;est que la qualit\u00e9 peut \u00eatre r\u00e9alis\u00e9e en tenant quantit\u00e9s de production peu \u00e9lev\u00e9es, en fertilisant les cultures d\u00b4une mani\u00e8re la plus naturelle possible et en \u00e9vitant ainsi des engrais synth\u00e9tiques (chimiques); en utilisant la biodiversit\u00e9 pour aider \u00e0 garder la trace des diverses maladies et mauvaises herbes (pas d\u00b4herbicides !),en suivant la plante chaque minute de son d\u00e9veloppement et enfin, en r\u00e9alisant la plupart des t\u00e2ches manuellement.<\/p>\n<p>Ce que vous obtenez en m\u00e9langeant judicieusement ces \u00ab\u00a0ingr\u00e9dients\u00a0\u00bb est un produit 100% naturel, avec sa propre identit\u00e9, authentique, fabriqu\u00e9 \u00e0 main &#8230; <em>de qualit\u00e9 sup\u00e9rieure<\/em>.\u00bb<\/p>","protected":false},"excerpt":{"rendered":"<p>Un territoire particulier, celui de la \u00ab\u00a0Calzalunga\u00a0\u00bb (ou, comme on l&rsquo;appellait dans l&rsquo;ancienne, Casale Longo) \u00e0 Suvereto, avec de petites zones destin\u00e9es \u00e0 aboutir \u00e0 des excellents produits&#8230; pour un peu d&rsquo;histoire, d\u00e9j\u00e0 Elisa Bonaparte, s\u0153ur de Napol\u00e9on, avait choisi cet endroit pour construire sa r\u00e9sidence d&rsquo;\u00e9t\u00e9 et boire \u00ab\u00a0le bon vin de Casal Longo\u00ab\u00a0, [&hellip;]<\/p>\n","protected":false},"author":1,"featured_media":0,"parent":0,"menu_order":0,"comment_status":"closed","ping_status":"open","template":"","meta":{"footnotes":""},"class_list":["post-2","page","type-page","status-publish","czr-hentry"],"yoast_head":"<!-- This site is optimized with the Yoast SEO plugin v25.9 - https:\/\/yoast.com\/wordpress\/plugins\/seo\/ -->\n<title>Rabitti - Vin, huile d&#039;olive vierge extra, truffes noires et blanches de Toscane - Ferme Rabitti<\/title>\n<meta name=\"robots\" content=\"index, follow, max-snippet:-1, max-image-preview:large, max-video-preview:-1\" \/>\n<link rel=\"canonical\" href=\"https:\/\/www.rabitti.eu\/en\/\" \/>\n<meta property=\"og:locale\" content=\"fr_FR\" \/>\n<meta property=\"og:type\" content=\"article\" \/>\n<meta property=\"og:title\" content=\"Rabitti - Vin, huile d&#039;olive vierge extra, truffes noires et blanches de Toscane - Ferme Rabitti\" \/>\n<meta property=\"og:description\" content=\"Un territoire particulier, celui de la \u00ab\u00a0Calzalunga\u00a0\u00bb (ou, comme on l&rsquo;appellait dans l&rsquo;ancienne, Casale Longo) \u00e0 Suvereto, avec de petites zones destin\u00e9es \u00e0 aboutir \u00e0 des excellents produits&#8230; pour un peu d&rsquo;histoire, d\u00e9j\u00e0 Elisa Bonaparte, s\u0153ur de Napol\u00e9on, avait choisi cet endroit pour construire sa r\u00e9sidence d&rsquo;\u00e9t\u00e9 et boire \u00ab\u00a0le bon vin de Casal Longo\u00ab\u00a0, [&hellip;]\" \/>\n<meta property=\"og:url\" content=\"https:\/\/www.rabitti.eu\/en\/\" \/>\n<meta property=\"og:site_name\" content=\"Ferme Rabitti\" \/>\n<meta property=\"article:modified_time\" content=\"2016-09-18T15:08:20+00:00\" \/>\n<meta name=\"twitter:card\" content=\"summary_large_image\" \/>\n<meta name=\"twitter:label1\" content=\"Dur\u00e9e de lecture estim\u00e9e\" \/>\n\t<meta name=\"twitter:data1\" content=\"5 minutes\" \/>\n<script type=\"application\/ld+json\" class=\"yoast-schema-graph\">{\"@context\":\"https:\/\/schema.org\",\"@graph\":[{\"@type\":\"WebPage\",\"@id\":\"https:\/\/www.rabitti.eu\/en\/\",\"url\":\"https:\/\/www.rabitti.eu\/en\/\",\"name\":\"Rabitti - Vin, huile d'olive vierge extra, truffes noires et blanches de Toscane - Ferme Rabitti\",\"isPartOf\":{\"@id\":\"http:\/\/www.rabitti.eu\/#website\"},\"datePublished\":\"2016-08-18T14:42:02+00:00\",\"dateModified\":\"2016-09-18T15:08:20+00:00\",\"breadcrumb\":{\"@id\":\"https:\/\/www.rabitti.eu\/en\/#breadcrumb\"},\"inLanguage\":\"fr-FR\",\"potentialAction\":[{\"@type\":\"ReadAction\",\"target\":[\"https:\/\/www.rabitti.eu\/en\/\"]}]},{\"@type\":\"BreadcrumbList\",\"@id\":\"https:\/\/www.rabitti.eu\/en\/#breadcrumb\",\"itemListElement\":[{\"@type\":\"ListItem\",\"position\":1,\"name\":\"Home\",\"item\":\"https:\/\/www.rabitti.eu\/en\/\"},{\"@type\":\"ListItem\",\"position\":2,\"name\":\"Rabitti &#8211; Wine, extra virgin olive oil, blacks and whites truffles of Tuscany\"}]},{\"@type\":\"WebSite\",\"@id\":\"http:\/\/www.rabitti.eu\/#website\",\"url\":\"http:\/\/www.rabitti.eu\/\",\"name\":\"Ferme Rabitti\",\"description\":\"Vin, truffes, huile d&#039;olive extra vierge\",\"potentialAction\":[{\"@type\":\"SearchAction\",\"target\":{\"@type\":\"EntryPoint\",\"urlTemplate\":\"http:\/\/www.rabitti.eu\/?s={search_term_string}\"},\"query-input\":{\"@type\":\"PropertyValueSpecification\",\"valueRequired\":true,\"valueName\":\"search_term_string\"}}],\"inLanguage\":\"fr-FR\"}]}<\/script>\n<!-- \/ Yoast SEO plugin. -->","yoast_head_json":{"title":"Rabitti - Vin, huile d'olive vierge extra, truffes noires et blanches de Toscane - Ferme Rabitti","robots":{"index":"index","follow":"follow","max-snippet":"max-snippet:-1","max-image-preview":"max-image-preview:large","max-video-preview":"max-video-preview:-1"},"canonical":"https:\/\/www.rabitti.eu\/en\/","og_locale":"fr_FR","og_type":"article","og_title":"Rabitti - Vin, huile d'olive vierge extra, truffes noires et blanches de Toscane - Ferme Rabitti","og_description":"Un territoire particulier, celui de la \u00ab\u00a0Calzalunga\u00a0\u00bb (ou, comme on l&rsquo;appellait dans l&rsquo;ancienne, Casale Longo) \u00e0 Suvereto, avec de petites zones destin\u00e9es \u00e0 aboutir \u00e0 des excellents produits&#8230; pour un peu d&rsquo;histoire, d\u00e9j\u00e0 Elisa Bonaparte, s\u0153ur de Napol\u00e9on, avait choisi cet endroit pour construire sa r\u00e9sidence d&rsquo;\u00e9t\u00e9 et boire \u00ab\u00a0le bon vin de Casal Longo\u00ab\u00a0, [&hellip;]","og_url":"https:\/\/www.rabitti.eu\/en\/","og_site_name":"Ferme Rabitti","article_modified_time":"2016-09-18T15:08:20+00:00","twitter_card":"summary_large_image","twitter_misc":{"Dur\u00e9e de lecture estim\u00e9e":"5 minutes"},"schema":{"@context":"https:\/\/schema.org","@graph":[{"@type":"WebPage","@id":"https:\/\/www.rabitti.eu\/en\/","url":"https:\/\/www.rabitti.eu\/en\/","name":"Rabitti - Vin, huile d'olive vierge extra, truffes noires et blanches de Toscane - Ferme Rabitti","isPartOf":{"@id":"http:\/\/www.rabitti.eu\/#website"},"datePublished":"2016-08-18T14:42:02+00:00","dateModified":"2016-09-18T15:08:20+00:00","breadcrumb":{"@id":"https:\/\/www.rabitti.eu\/en\/#breadcrumb"},"inLanguage":"fr-FR","potentialAction":[{"@type":"ReadAction","target":["https:\/\/www.rabitti.eu\/en\/"]}]},{"@type":"BreadcrumbList","@id":"https:\/\/www.rabitti.eu\/en\/#breadcrumb","itemListElement":[{"@type":"ListItem","position":1,"name":"Home","item":"https:\/\/www.rabitti.eu\/en\/"},{"@type":"ListItem","position":2,"name":"Rabitti &#8211; Wine, extra virgin olive oil, blacks and whites truffles of Tuscany"}]},{"@type":"WebSite","@id":"http:\/\/www.rabitti.eu\/#website","url":"http:\/\/www.rabitti.eu\/","name":"Ferme Rabitti","description":"Vin, truffes, huile d&#039;olive extra vierge","potentialAction":[{"@type":"SearchAction","target":{"@type":"EntryPoint","urlTemplate":"http:\/\/www.rabitti.eu\/?s={search_term_string}"},"query-input":{"@type":"PropertyValueSpecification","valueRequired":true,"valueName":"search_term_string"}}],"inLanguage":"fr-FR"}]}},"_links":{"self":[{"href":"https:\/\/www.rabitti.eu\/fr\/wp-json\/wp\/v2\/pages\/2","targetHints":{"allow":["GET"]}}],"collection":[{"href":"https:\/\/www.rabitti.eu\/fr\/wp-json\/wp\/v2\/pages"}],"about":[{"href":"https:\/\/www.rabitti.eu\/fr\/wp-json\/wp\/v2\/types\/page"}],"author":[{"embeddable":true,"href":"https:\/\/www.rabitti.eu\/fr\/wp-json\/wp\/v2\/users\/1"}],"replies":[{"embeddable":true,"href":"https:\/\/www.rabitti.eu\/fr\/wp-json\/wp\/v2\/comments?post=2"}],"version-history":[{"count":7,"href":"https:\/\/www.rabitti.eu\/fr\/wp-json\/wp\/v2\/pages\/2\/revisions"}],"predecessor-version":[{"id":293,"href":"https:\/\/www.rabitti.eu\/fr\/wp-json\/wp\/v2\/pages\/2\/revisions\/293"}],"wp:attachment":[{"href":"https:\/\/www.rabitti.eu\/fr\/wp-json\/wp\/v2\/media?parent=2"}],"curies":[{"name":"wp","href":"https:\/\/api.w.org\/{rel}","templated":true}]}}