{"id":16,"date":"2016-08-20T15:49:49","date_gmt":"2016-08-20T13:49:49","guid":{"rendered":"http:\/\/www.wp.rabitti.eu\/?page_id=16"},"modified":"2020-02-02T12:09:06","modified_gmt":"2020-02-02T11:09:06","slug":"tartufi-bianchi-neri","status":"publish","type":"page","link":"https:\/\/www.rabitti.eu\/fr\/blancs-noirs-truffes.php","title":{"rendered":"Truffe noire et blanche: fines sp\u00e9cialit\u00e9s de Toscane, Italie"},"content":{"rendered":"<p>Ravir votre palais par ces parfum\u00e9s bijoux que la nature nous donne pendant toute l&rsquo;ann\u00e9e &#8230; et bien oui, puisque <u>il y a des truffes en chaque saison<\/u> et la Toscane est l&rsquo;endroit o\u00f9 l\u00b4on peut trouver tous les 9 sortes comestibles. <strong><span class=\"Stile1\">NOUVEAU!<\/span> &gt;&gt; <a href=\"http:\/\/www.rabitti.eu\/fr\/produits-truffe.php\">Les sp\u00e9cialit\u00e9s \u00e1 la truffe de Toscane<\/a><\/strong><\/p>\n<hr \/>\n<div>Demandez sans engagement la <strong>disponibilit\u00e9 de truffes fra\u00eeches<\/strong> en envoyant un e-mail \u00e1\u00a0<a href=\"mailto:info@rabitti.eu\">info@rabitti.eu<\/a><\/div>\n<div>\n<hr \/>\n<\/div>\n<div><\/div>\n<p><a href=\"http:\/\/www.rabitti.eu\/wp-content\/uploads\/2016\/08\/Forex_PVC_50x70_TARTUFO_LOW_.jpg\"><img loading=\"lazy\" decoding=\"async\" class=\"alignleft wp-image-204 size-medium\" src=\"http:\/\/www.rabitti.eu\/wp-content\/uploads\/2016\/08\/Forex_PVC_50x70_TARTUFO_LOW_-214x300.jpg\" alt=\"Tartufi Rabitti - Dalla natura con amore...\" width=\"214\" height=\"300\" srcset=\"https:\/\/www.rabitti.eu\/wp-content\/uploads\/2016\/08\/Forex_PVC_50x70_TARTUFO_LOW_-214x300.jpg 214w, https:\/\/www.rabitti.eu\/wp-content\/uploads\/2016\/08\/Forex_PVC_50x70_TARTUFO_LOW_-549x768.jpg 549w, https:\/\/www.rabitti.eu\/wp-content\/uploads\/2016\/08\/Forex_PVC_50x70_TARTUFO_LOW_.jpg 643w\" sizes=\"auto, (max-width: 214px) 100vw, 214px\" \/><\/a><\/p>\n<p>Les truffes sont divis\u00e9s en deux grandes cat\u00e9gories: les truffes blanches et les truffes noires.<br \/>\nLa plus pr\u00e9cieuse (et donc plus ch\u00e8re) est la truffe blanche (<em>tuber magnatum pico<\/em>) et la truffe noire (<em>tuber melanosporum vittadini<\/em>), la premi\u00e8re se trouve pendant tout l&rsquo;automne (de Septembre \u00e0 D\u00e9cembre), tandis que la seconde \u00e0 partir de demi-Novembre jusqu\u00b4\u00e0 demi-Mars.<br \/>\nComme d\u00e8j\u00e1 mentionn\u00e9 ci-dessus, les truffes sont disponibles toute l&rsquo;ann\u00e9e, sauf pour le mois de Mai (loi r\u00e9gionale), lorsque c\u00b4est interdit d\u00b4aller \u00e0 la recherche de ces champignons parfum\u00e9s (oui, les truffes sont des champignons et pas de tubercules!).<\/p>\n<p>Voici les sortes avec lesquelles je peux satisfaire mes clients qui ne cessent pas de me demander petites et grandes quantit\u00e9s de ces merveilleux \u00ab\u00a0joyaux\u00a0\u00bb:<\/p>\n<p>\u2022 <strong>Truffe blanche<\/strong> (<a href=\"http:\/\/www.agraria.org\/funghi\/tubermagnatum.htm\" target=\"_blank\" rel=\"noopener noreferrer\">tuber magnatum pico<\/a>): de Septembre \u00e0 D\u00e9cembre<br \/>\n\u2022 <strong>Truffe noire<\/strong> (<a href=\"http:\/\/www.agraria.org\/funghi\/tubermelanosporum.htm\" target=\"_blank\" rel=\"noopener noreferrer\">tuber melanosporum vittadini<\/a>): de Novembre \u00e0 Mars<br \/>\n\u2022 <strong>Truffe ordinaire noire<\/strong> (<a href=\"http:\/\/www.agraria.org\/funghi\/tuberbrumale.htm\" target=\"_blank\" rel=\"noopener noreferrer\">tuber brumale vittadini<\/a>): de Novembre \u00e0 Mars<br \/>\n\u2022 <strong>Truffe noire d&rsquo;\u00e9t\u00e9 ou \u00ab\u00a0scorzone\u00a0\u00bb<\/strong> (<a href=\"http:\/\/www.agraria.org\/funghi\/tuberaestivum.htm\" target=\"_blank\" rel=\"noopener noreferrer\">tuber aestivum vittadini<\/a>) de Juin \u00e0 Novembre<br \/>\n\u2022 <strong>Truffe \u00ab\u00a0marzuolo\u00a0\u00bb ou \u00ab\u00a0bianchetto\u00a0\u00bb<\/strong> (<a href=\"http:\/\/www.agraria.org\/funghi\/tuberborchii.htm\" target=\"_blank\" rel=\"noopener noreferrer\">tuber borchii vittadini<\/a>): de Janvier \u00e0 Avril<br \/>\n\u2022 <strong>Truffe \u00ab\u00a0uncinato\u00a0\u00bb<\/strong> (<a href=\"http:\/\/www.agraria.org\/funghi\/tuberuncinatum.htm\" target=\"_blank\" rel=\"noopener noreferrer\">tuber uncinatum chatin<\/a>): d&rsquo;Octobre \u00e0 D\u00e9cembre<\/p>\n<p><span id=\"result_box\" lang=\"fr\" xml:lang=\"fr\">Demandez-moi pas d&rsquo;engagement de la disponibilit\u00e9 des truffes, en envoyant un simple e-mail \u00e0<\/span><a href=\"mailto:info@rabitti.eu\">info@rabitti.eu<\/a><\/p>\n<p>C\u00b4est possible de r\u00e9server petites et grandes quantit\u00e9s, qui peuvent \u00eatre envoy\u00e9es en toute s\u00e9curit\u00e9 en Italie et \u00e0 l&rsquo;\u00e9tranger.<br \/>\n<span class=\"Stile1\" style=\"color: #ff0000;\"><strong>NOUVEAU!<\/strong><\/span> Regardez nos &gt;&gt;<strong> <a href=\"http:\/\/www.rabitti.eu\/fr\/produits-truffe.php\">tr\u00e8s nouveaux produits \u00e0 la truffe<\/a><\/strong>!<\/p>\n<p>\r\n\t\t\t\t\t\n\r\n\t\t\t\t\t<!-- START UNITE GALLERY 1.7.62 -->\r\n\t\t\t\t\t\r\n\t\t\t\t\n\t\t\t<div id='unitegallery_10_3' class='unite-gallery' style='margin:0px auto;'>\n\t\t\t\t\n\n\t\t\t\t\t\t<img decoding=\"async\" alt=\"flavio_tartufi_bn_LOW_logo\"\n\t\t\t\t\t\t     src=\"\" data-image=\"https:\/\/www.rabitti.eu\/wp-content\/uploads\/2016\/08\/flavio_tartufi_bn_LOW_logo.jpg\"\n\t\t\t\t\t\t     data-thumb=\"https:\/\/www.rabitti.eu\/wp-content\/uploads\/2016\/08\/flavio_tartufi_bn_LOW_logo-300x296.jpg\"\n\t\t\t\t\t\t     title=\"\"\n\t\t\t\t\t\t     style=\"display:none\">\n\n\t\t\t\t\t\t<img decoding=\"async\" alt=\"tartufo_bianco_toscano\"\n\t\t\t\t\t\t     src=\"\" data-image=\"https:\/\/www.rabitti.eu\/wp-content\/uploads\/2016\/08\/tartufo_bianco_toscano.jpg\"\n\t\t\t\t\t\t     data-thumb=\"https:\/\/www.rabitti.eu\/wp-content\/uploads\/2016\/08\/tartufo_bianco_toscano-300x201.jpg\"\n\t\t\t\t\t\t     title=\"\"\n\t\t\t\t\t\t     style=\"display:none\">\n\n\t\t\t\t\t\t<img decoding=\"async\" alt=\"Forex_PVC_50x70_TARTUFO_LOW_\"\n\t\t\t\t\t\t     src=\"\" data-image=\"https:\/\/www.rabitti.eu\/wp-content\/uploads\/2016\/08\/Forex_PVC_50x70_TARTUFO_LOW_.jpg\"\n\t\t\t\t\t\t     data-thumb=\"https:\/\/www.rabitti.eu\/wp-content\/uploads\/2016\/08\/Forex_PVC_50x70_TARTUFO_LOW_-214x300.jpg\"\n\t\t\t\t\t\t     title=\"\"\n\t\t\t\t\t\t     style=\"display:none\">\n\n\t\t\t\t\t\t<img decoding=\"async\" alt=\"cestino_tartufi\"\n\t\t\t\t\t\t     src=\"\" data-image=\"https:\/\/www.rabitti.eu\/wp-content\/uploads\/2016\/08\/cestino_tartufi.jpg\"\n\t\t\t\t\t\t     data-thumb=\"https:\/\/www.rabitti.eu\/wp-content\/uploads\/2016\/08\/cestino_tartufi-300x198.jpg\"\n\t\t\t\t\t\t     title=\"\"\n\t\t\t\t\t\t     style=\"display:none\">\n\n\t\t\t\t\t\t<img decoding=\"async\" alt=\"tartufo_bianco2\"\n\t\t\t\t\t\t     src=\"\" data-image=\"https:\/\/www.rabitti.eu\/wp-content\/uploads\/2016\/08\/tartufo_bianco2.jpg\"\n\t\t\t\t\t\t     data-thumb=\"https:\/\/www.rabitti.eu\/wp-content\/uploads\/2016\/08\/tartufo_bianco2-300x201.jpg\"\n\t\t\t\t\t\t     title=\"\"\n\t\t\t\t\t\t     style=\"display:none\">\n\n\t\t\t\t\t\t<img decoding=\"async\" alt=\"mano_con_tartufi\"\n\t\t\t\t\t\t     src=\"\" data-image=\"https:\/\/www.rabitti.eu\/wp-content\/uploads\/2016\/08\/mano_con_tartufi.jpg\"\n\t\t\t\t\t\t     data-thumb=\"https:\/\/www.rabitti.eu\/wp-content\/uploads\/2016\/08\/mano_con_tartufi-300x225.jpg\"\n\t\t\t\t\t\t     title=\"\"\n\t\t\t\t\t\t     style=\"display:none\">\n\n\t\t\t\t\t\t<img decoding=\"async\" alt=\"Prodotti_tartufo\"\n\t\t\t\t\t\t     src=\"\" data-image=\"https:\/\/www.rabitti.eu\/wp-content\/uploads\/2016\/08\/Prodotti_tartufo-1.jpg\"\n\t\t\t\t\t\t     data-thumb=\"https:\/\/www.rabitti.eu\/wp-content\/uploads\/2016\/08\/Prodotti_tartufo-1-300x199.jpg\"\n\t\t\t\t\t\t     title=\"\"\n\t\t\t\t\t\t     style=\"display:none\">\n\n\t\t\t\t\t\t<img decoding=\"async\" alt=\"tartufo_nero_pregiato\"\n\t\t\t\t\t\t     src=\"\" data-image=\"https:\/\/www.rabitti.eu\/wp-content\/uploads\/2016\/08\/tartufo_nero_pregiato.jpg\"\n\t\t\t\t\t\t     data-thumb=\"https:\/\/www.rabitti.eu\/wp-content\/uploads\/2016\/08\/tartufo_nero_pregiato-300x225.jpg\"\n\t\t\t\t\t\t     title=\"\"\n\t\t\t\t\t\t     style=\"display:none\">\n\t\t\t<\/div>\n\n\n\t\t\t<!-- END UNITEGALLERY --><\/p>\n<hr \/>\n<p><strong>Remplissez le formulaire ci-dessous pour plus d&rsquo;informations et les prix:<\/strong><br \/>\n\n<div class=\"wpcf7 no-js\" id=\"wpcf7-f290-o3\" lang=\"it-IT\" dir=\"ltr\" data-wpcf7-id=\"290\">\n<div class=\"screen-reader-response\"><p role=\"status\" aria-live=\"polite\" aria-atomic=\"true\"><\/p> <ul><\/ul><\/div>\n<form action=\"\/fr\/wp-json\/wp\/v2\/pages\/16#wpcf7-f290-o3\" method=\"post\" class=\"wpcf7-form init\" aria-label=\"Modulo di contatto\" novalidate=\"novalidate\" data-status=\"init\">\n<fieldset class=\"hidden-fields-container\"><input type=\"hidden\" name=\"_wpcf7\" value=\"290\" \/><input type=\"hidden\" name=\"_wpcf7_version\" value=\"6.1.1\" \/><input type=\"hidden\" name=\"_wpcf7_locale\" value=\"it_IT\" \/><input type=\"hidden\" name=\"_wpcf7_unit_tag\" value=\"wpcf7-f290-o3\" \/><input type=\"hidden\" name=\"_wpcf7_container_post\" value=\"0\" \/><input type=\"hidden\" name=\"_wpcf7_posted_data_hash\" value=\"\" \/>\n<\/fieldset>\n<p><label> Votre nom (requis)<br \/>\n<span class=\"wpcf7-form-control-wrap\" data-name=\"your-name\"><input size=\"40\" maxlength=\"400\" class=\"wpcf7-form-control wpcf7-text wpcf7-validates-as-required\" aria-required=\"true\" aria-invalid=\"false\" value=\"\" type=\"text\" name=\"your-name\" \/><\/span> <\/label>\n<\/p>\n<p><label> Votre Email (requis)<br \/>\n<span class=\"wpcf7-form-control-wrap\" data-name=\"your-email\"><input size=\"40\" maxlength=\"400\" class=\"wpcf7-form-control wpcf7-email wpcf7-validates-as-required wpcf7-text wpcf7-validates-as-email\" aria-required=\"true\" aria-invalid=\"false\" value=\"\" type=\"email\" name=\"your-email\" \/><\/span> <\/label>\n<\/p>\n<p><label> Votre t\u00e9l\u00e9phone<br \/>\n<span class=\"wpcf7-form-control-wrap\" data-name=\"telefono\"><input size=\"40\" maxlength=\"400\" class=\"wpcf7-form-control wpcf7-tel wpcf7-text wpcf7-validates-as-tel\" aria-invalid=\"false\" value=\"\" type=\"tel\" name=\"telefono\" \/><\/span> <\/label>\n<\/p>\n<p><label> Votre message<br \/>\n<span class=\"wpcf7-form-control-wrap\" data-name=\"your-message\"><textarea cols=\"40\" rows=\"10\" maxlength=\"2000\" class=\"wpcf7-form-control wpcf7-textarea\" aria-invalid=\"false\" name=\"your-message\"><\/textarea><\/span> <\/label>\n<\/p>\n<p><input class=\"wpcf7-form-control wpcf7-submit has-spinner\" type=\"submit\" value=\"Envoyer\" \/>\n<\/p><p style=\"display: none !important;\" class=\"akismet-fields-container\" data-prefix=\"_wpcf7_ak_\"><label>&#916;<textarea name=\"_wpcf7_ak_hp_textarea\" cols=\"45\" rows=\"8\" maxlength=\"100\"><\/textarea><\/label><input type=\"hidden\" id=\"ak_js_3\" name=\"_wpcf7_ak_js\" value=\"209\"\/><script>document.getElementById( \"ak_js_3\" ).setAttribute( \"value\", ( new Date() ).getTime() );<\/script><\/p><div class=\"wpcf7-response-output\" aria-hidden=\"true\"><\/div>\n<\/form>\n<\/div>\n<\/p>","protected":false},"excerpt":{"rendered":"<p>Ravir votre palais par ces parfum\u00e9s bijoux que la nature nous donne pendant toute l&rsquo;ann\u00e9e &#8230; et bien oui, puisque il y a des truffes en chaque saison et la Toscane est l&rsquo;endroit o\u00f9 l\u00b4on peut trouver tous les 9 sortes comestibles. NOUVEAU! &gt;&gt; Les sp\u00e9cialit\u00e9s \u00e1 la truffe de Toscane Demandez sans engagement la [&hellip;]<\/p>\n","protected":false},"author":1,"featured_media":58,"parent":0,"menu_order":0,"comment_status":"closed","ping_status":"closed","template":"","meta":{"footnotes":""},"class_list":["post-16","page","type-page","status-publish","has-post-thumbnail","czr-hentry"],"yoast_head":"<!-- This site is optimized with the Yoast SEO plugin v25.9 - https:\/\/yoast.com\/wordpress\/plugins\/seo\/ -->\n<title>Truffe noire et blanche: fines sp\u00e9cialit\u00e9s de Toscane, Italie - Ferme Rabitti<\/title>\n<meta name=\"robots\" content=\"index, follow, max-snippet:-1, max-image-preview:large, max-video-preview:-1\" \/>\n<link rel=\"canonical\" href=\"https:\/\/www.rabitti.eu\/tartufi-bianchi-neri.php\" \/>\n<meta property=\"og:locale\" content=\"fr_FR\" \/>\n<meta property=\"og:type\" content=\"article\" \/>\n<meta property=\"og:title\" content=\"Truffe noire et blanche: fines sp\u00e9cialit\u00e9s de Toscane, Italie - Ferme Rabitti\" \/>\n<meta property=\"og:description\" content=\"Ravir votre palais par ces parfum\u00e9s bijoux que la nature nous donne pendant toute l&rsquo;ann\u00e9e &#8230; et bien oui, puisque il y a des truffes en chaque saison et la Toscane est l&rsquo;endroit o\u00f9 l\u00b4on peut trouver tous les 9 sortes comestibles. NOUVEAU! &gt;&gt; Les sp\u00e9cialit\u00e9s \u00e1 la truffe de Toscane Demandez sans engagement la [&hellip;]\" \/>\n<meta property=\"og:url\" content=\"https:\/\/www.rabitti.eu\/tartufi-bianchi-neri.php\" \/>\n<meta property=\"og:site_name\" content=\"Ferme Rabitti\" \/>\n<meta property=\"article:modified_time\" content=\"2020-02-02T11:09:06+00:00\" \/>\n<meta property=\"og:image\" content=\"https:\/\/www.rabitti.eu\/wp-content\/uploads\/2016\/08\/tartufo_bianco.jpg\" \/>\n\t<meta property=\"og:image:width\" content=\"1000\" \/>\n\t<meta property=\"og:image:height\" content=\"669\" \/>\n\t<meta property=\"og:image:type\" content=\"image\/jpeg\" \/>\n<meta name=\"twitter:card\" content=\"summary_large_image\" \/>\n<meta name=\"twitter:label1\" content=\"Dur\u00e9e de lecture estim\u00e9e\" \/>\n\t<meta name=\"twitter:data1\" content=\"5 minutes\" \/>\n<script type=\"application\/ld+json\" class=\"yoast-schema-graph\">{\"@context\":\"https:\/\/schema.org\",\"@graph\":[{\"@type\":\"WebPage\",\"@id\":\"https:\/\/www.rabitti.eu\/tartufi-bianchi-neri.php\",\"url\":\"https:\/\/www.rabitti.eu\/tartufi-bianchi-neri.php\",\"name\":\"Truffe noire et blanche: fines sp\u00e9cialit\u00e9s de Toscane, Italie - Ferme Rabitti\",\"isPartOf\":{\"@id\":\"http:\/\/www.rabitti.eu\/#website\"},\"primaryImageOfPage\":{\"@id\":\"https:\/\/www.rabitti.eu\/tartufi-bianchi-neri.php#primaryimage\"},\"image\":{\"@id\":\"https:\/\/www.rabitti.eu\/tartufi-bianchi-neri.php#primaryimage\"},\"thumbnailUrl\":\"https:\/\/www.rabitti.eu\/wp-content\/uploads\/2016\/08\/tartufo_bianco.jpg\",\"datePublished\":\"2016-08-20T13:49:49+00:00\",\"dateModified\":\"2020-02-02T11:09:06+00:00\",\"breadcrumb\":{\"@id\":\"https:\/\/www.rabitti.eu\/tartufi-bianchi-neri.php#breadcrumb\"},\"inLanguage\":\"fr-FR\",\"potentialAction\":[{\"@type\":\"ReadAction\",\"target\":[\"https:\/\/www.rabitti.eu\/tartufi-bianchi-neri.php\"]}]},{\"@type\":\"ImageObject\",\"inLanguage\":\"fr-FR\",\"@id\":\"https:\/\/www.rabitti.eu\/tartufi-bianchi-neri.php#primaryimage\",\"url\":\"https:\/\/www.rabitti.eu\/wp-content\/uploads\/2016\/08\/tartufo_bianco.jpg\",\"contentUrl\":\"https:\/\/www.rabitti.eu\/wp-content\/uploads\/2016\/08\/tartufo_bianco.jpg\",\"width\":1000,\"height\":669,\"caption\":\"Tartufo bianco toscano\"},{\"@type\":\"BreadcrumbList\",\"@id\":\"https:\/\/www.rabitti.eu\/tartufi-bianchi-neri.php#breadcrumb\",\"itemListElement\":[{\"@type\":\"ListItem\",\"position\":1,\"name\":\"Home\",\"item\":\"https:\/\/www.rabitti.eu\/en\/\"},{\"@type\":\"ListItem\",\"position\":2,\"name\":\"Tartufo bianco e nero: pregiate specialit\u00e0 toscane\"}]},{\"@type\":\"WebSite\",\"@id\":\"http:\/\/www.rabitti.eu\/#website\",\"url\":\"http:\/\/www.rabitti.eu\/\",\"name\":\"Ferme Rabitti\",\"description\":\"Vin, truffes, huile d&#039;olive extra vierge\",\"potentialAction\":[{\"@type\":\"SearchAction\",\"target\":{\"@type\":\"EntryPoint\",\"urlTemplate\":\"http:\/\/www.rabitti.eu\/?s={search_term_string}\"},\"query-input\":{\"@type\":\"PropertyValueSpecification\",\"valueRequired\":true,\"valueName\":\"search_term_string\"}}],\"inLanguage\":\"fr-FR\"}]}<\/script>\n<!-- \/ Yoast SEO plugin. -->","yoast_head_json":{"title":"Truffe noire et blanche: fines sp\u00e9cialit\u00e9s de Toscane, Italie - Ferme Rabitti","robots":{"index":"index","follow":"follow","max-snippet":"max-snippet:-1","max-image-preview":"max-image-preview:large","max-video-preview":"max-video-preview:-1"},"canonical":"https:\/\/www.rabitti.eu\/tartufi-bianchi-neri.php","og_locale":"fr_FR","og_type":"article","og_title":"Truffe noire et blanche: fines sp\u00e9cialit\u00e9s de Toscane, Italie - Ferme Rabitti","og_description":"Ravir votre palais par ces parfum\u00e9s bijoux que la nature nous donne pendant toute l&rsquo;ann\u00e9e &#8230; et bien oui, puisque il y a des truffes en chaque saison et la Toscane est l&rsquo;endroit o\u00f9 l\u00b4on peut trouver tous les 9 sortes comestibles. NOUVEAU! &gt;&gt; Les sp\u00e9cialit\u00e9s \u00e1 la truffe de Toscane Demandez sans engagement la [&hellip;]","og_url":"https:\/\/www.rabitti.eu\/tartufi-bianchi-neri.php","og_site_name":"Ferme Rabitti","article_modified_time":"2020-02-02T11:09:06+00:00","og_image":[{"width":1000,"height":669,"url":"https:\/\/www.rabitti.eu\/wp-content\/uploads\/2016\/08\/tartufo_bianco.jpg","type":"image\/jpeg"}],"twitter_card":"summary_large_image","twitter_misc":{"Dur\u00e9e de lecture estim\u00e9e":"5 minutes"},"schema":{"@context":"https:\/\/schema.org","@graph":[{"@type":"WebPage","@id":"https:\/\/www.rabitti.eu\/tartufi-bianchi-neri.php","url":"https:\/\/www.rabitti.eu\/tartufi-bianchi-neri.php","name":"Truffe noire et blanche: fines sp\u00e9cialit\u00e9s de Toscane, Italie - Ferme Rabitti","isPartOf":{"@id":"http:\/\/www.rabitti.eu\/#website"},"primaryImageOfPage":{"@id":"https:\/\/www.rabitti.eu\/tartufi-bianchi-neri.php#primaryimage"},"image":{"@id":"https:\/\/www.rabitti.eu\/tartufi-bianchi-neri.php#primaryimage"},"thumbnailUrl":"https:\/\/www.rabitti.eu\/wp-content\/uploads\/2016\/08\/tartufo_bianco.jpg","datePublished":"2016-08-20T13:49:49+00:00","dateModified":"2020-02-02T11:09:06+00:00","breadcrumb":{"@id":"https:\/\/www.rabitti.eu\/tartufi-bianchi-neri.php#breadcrumb"},"inLanguage":"fr-FR","potentialAction":[{"@type":"ReadAction","target":["https:\/\/www.rabitti.eu\/tartufi-bianchi-neri.php"]}]},{"@type":"ImageObject","inLanguage":"fr-FR","@id":"https:\/\/www.rabitti.eu\/tartufi-bianchi-neri.php#primaryimage","url":"https:\/\/www.rabitti.eu\/wp-content\/uploads\/2016\/08\/tartufo_bianco.jpg","contentUrl":"https:\/\/www.rabitti.eu\/wp-content\/uploads\/2016\/08\/tartufo_bianco.jpg","width":1000,"height":669,"caption":"Tartufo bianco toscano"},{"@type":"BreadcrumbList","@id":"https:\/\/www.rabitti.eu\/tartufi-bianchi-neri.php#breadcrumb","itemListElement":[{"@type":"ListItem","position":1,"name":"Home","item":"https:\/\/www.rabitti.eu\/en\/"},{"@type":"ListItem","position":2,"name":"Tartufo bianco e nero: pregiate specialit\u00e0 toscane"}]},{"@type":"WebSite","@id":"http:\/\/www.rabitti.eu\/#website","url":"http:\/\/www.rabitti.eu\/","name":"Ferme Rabitti","description":"Vin, truffes, huile d&#039;olive extra vierge","potentialAction":[{"@type":"SearchAction","target":{"@type":"EntryPoint","urlTemplate":"http:\/\/www.rabitti.eu\/?s={search_term_string}"},"query-input":{"@type":"PropertyValueSpecification","valueRequired":true,"valueName":"search_term_string"}}],"inLanguage":"fr-FR"}]}},"_links":{"self":[{"href":"https:\/\/www.rabitti.eu\/fr\/wp-json\/wp\/v2\/pages\/16","targetHints":{"allow":["GET"]}}],"collection":[{"href":"https:\/\/www.rabitti.eu\/fr\/wp-json\/wp\/v2\/pages"}],"about":[{"href":"https:\/\/www.rabitti.eu\/fr\/wp-json\/wp\/v2\/types\/page"}],"author":[{"embeddable":true,"href":"https:\/\/www.rabitti.eu\/fr\/wp-json\/wp\/v2\/users\/1"}],"replies":[{"embeddable":true,"href":"https:\/\/www.rabitti.eu\/fr\/wp-json\/wp\/v2\/comments?post=16"}],"version-history":[{"count":13,"href":"https:\/\/www.rabitti.eu\/fr\/wp-json\/wp\/v2\/pages\/16\/revisions"}],"predecessor-version":[{"id":320,"href":"https:\/\/www.rabitti.eu\/fr\/wp-json\/wp\/v2\/pages\/16\/revisions\/320"}],"wp:featuredmedia":[{"embeddable":true,"href":"https:\/\/www.rabitti.eu\/fr\/wp-json\/wp\/v2\/media\/58"}],"wp:attachment":[{"href":"https:\/\/www.rabitti.eu\/fr\/wp-json\/wp\/v2\/media?parent=16"}],"curies":[{"name":"wp","href":"https:\/\/api.w.org\/{rel}","templated":true}]}}