{"id":14,"date":"2016-08-20T15:48:41","date_gmt":"2016-08-20T13:48:41","guid":{"rendered":"http:\/\/www.wp.rabitti.eu\/?page_id=14"},"modified":"2016-11-15T10:17:52","modified_gmt":"2016-11-15T09:17:52","slug":"rabitti-lolio-extravergine-oliva","status":"publish","type":"page","link":"https:\/\/www.rabitti.eu\/fr\/huile-d-olive-vierge.php","title":{"rendered":"Rabitti: l&rsquo;huile d&rsquo;olive vierge extra"},"content":{"rendered":"<p><a href=\"http:\/\/www.rabitti.eu\/wp-content\/uploads\/2016\/08\/etichetta-olio_blend.jpg\"><img loading=\"lazy\" decoding=\"async\" class=\"alignleft wp-image-117 size-medium\" style=\"margin-right: 10px;\" src=\"http:\/\/www.wp.rabitti.eu\/wp-content\/uploads\/2016\/08\/etichetta-olio_blend-87x300.jpg\" alt=\"Olio Extravergine di Oliva Toscano Blend\" width=\"87\" height=\"300\" srcset=\"https:\/\/www.rabitti.eu\/wp-content\/uploads\/2016\/08\/etichetta-olio_blend-87x300.jpg 87w, https:\/\/www.rabitti.eu\/wp-content\/uploads\/2016\/08\/etichetta-olio_blend.jpg 233w\" sizes=\"auto, (max-width: 87px) 100vw, 87px\" \/><\/a> <a href=\"http:\/\/www.rabitti.eu\/wp-content\/uploads\/2016\/08\/etichetta-olio_monocv_web.jpg\"><img loading=\"lazy\" decoding=\"async\" class=\"alignleft wp-image-116 size-medium\" src=\"http:\/\/www.wp.rabitti.eu\/wp-content\/uploads\/2016\/08\/etichetta-olio_monocv_web-88x300.jpg\" alt=\"Olio Extravergine di Oliva Toscano Monocultivar Moraiolo\" width=\"88\" height=\"300\" srcset=\"https:\/\/www.rabitti.eu\/wp-content\/uploads\/2016\/08\/etichetta-olio_monocv_web-88x300.jpg 88w, https:\/\/www.rabitti.eu\/wp-content\/uploads\/2016\/08\/etichetta-olio_monocv_web.jpg 234w\" sizes=\"auto, (max-width: 88px) 100vw, 88px\" \/><\/a><\/p>\n<p>D&rsquo;une s\u00e9lection rigoureuse de notres olives, <strong>cueillies<\/strong> <strong>\u00e0 main <\/strong>uniquement, et d&rsquo;un pressage doux <strong>\u00ab\u00a0\u00e0 froid\u00a0\u00bb<\/strong> est l&rsquo;huile d&rsquo;olive vierge Rabitti en deux versions: le <strong>m\u00e9lange<\/strong> (s\u00e9lection des olives des types Frantoio, Leccino et Moraiolo) et <strong>monocultivar<\/strong> (100% Moraiolo).<\/p>\n<div>Nous envoyons notre huile dans toute l&rsquo;Italie et bien \u00e0 l&rsquo;\u00e9tranger: pour plus d&rsquo;informations n\u00b4h\u00e9sitez pas \u00e1 me contacter, sans engagement, \u00e0 l\u00b4adresse e-mail suivant:\u00a0<a href=\"mailto:info@rabitti.eu\">info@rabitti.eu<\/a><\/div>\n<hr \/>\n<p>Le M\u00e9lange: sans doute plus d\u00e9licate, satisfait m\u00eame les palais les plus fins et accompagne tr\u00e8s bien les plats de poisson.<br \/>\nLe Monocultivar: \u00e0 la forte saveur et \u00e0 l&rsquo;ar\u00f4me p\u00e9n\u00e9trant, se lie bien avec les saveurs fortes, en exaltant les caract\u00e9ristiques sans jamais \u00eatre trop envahissante.<br \/>\nJe rappelle les qualit\u00e9s du monocultivar Moraiolo, qui montrent un pourcentage \u00e9lev\u00e9 des hydrocarbures\u00a0<strong>squal\u00e8ne<\/strong> aux puissantes <strong>propri\u00e9t\u00e9s antioxydantes<\/strong>, pr\u00e9sent autrement dans l\u00b4huile de foie de requin.<\/p>\n<p>L\u00b4acidit\u00e9 de notre huile oscille entre 0,2% et 0,25%, selon l&rsquo;ann\u00e9e et le moment de la collecte, qui en tout cas ne peut exc\u00e9der le mois de Novembre. Une fois plac\u00e9es les olives dans des caisses de 10 kg de capacit\u00e9, on commence le pressage au plus tard dans les 24 heures apr\u00e8s le pr\u00e9l\u00e8vement. L&rsquo;huile recueillie du pressoir est imm\u00e9diatement stock\u00e9e dans des cuves en acier inoxydable, lesquelles seront le tassement naturel des s\u00e9diments. Au moment opportun l&rsquo;huile est transvas\u00e9e pour s\u00e9parer la part solide de la liquide au-dessus; je tiens \u00e0 pr\u00e9ciser que notre huile est strictement <strong>non filtr\u00e9e<\/strong>.<\/p>\n<p>En outre, la temp\u00e9rature \u00e0 laquelle est maintenue constante (environ 15 \u00b0 C pendant toute l&rsquo;ann\u00e9e) et l&rsquo;absence totale de lumi\u00e8re, permettent de mantenir inchang\u00e9es les caract\u00e9ristiques, qui peuvent rester inchang\u00e9es, m\u00eame apr\u00e8s 12-15 mois \u00e0 compter du pressage.<\/p>\n<hr \/>\n<p>\r\n\t\t\t\t\t\n\r\n\t\t\t\t\t<!-- START UNITE GALLERY 1.7.62 -->\r\n\t\t\t\t\t\r\n\t\t\t\t\n\t\t\t<div id='unitegallery_8_5' class='unite-gallery' style='margin:0px auto;'>\n\t\t\t\t\n\n\t\t\t\t\t\t<img decoding=\"async\" alt=\"L'Olio Extravergine di Oliva Toscano Rabitti - Suvereto (LI) - Toscana, Italy\"\n\t\t\t\t\t\t    data-type=\"youtube\"  src=\"\" data-image=\"https:\/\/img.youtube.com\/vi\/xD7p5Fu2bAo\/sddefault.jpg\"\n\t\t\t\t\t\t     data-thumb=\"https:\/\/img.youtube.com\/vi\/xD7p5Fu2bAo\/mqdefault.jpg\"\n\t\t\t\t\t\t     title=\"L'Olio Extravergine di Oliva Toscano estratto a freddo dell'Azienda Agricola Rabitti di Suvereto (LI), in Toscana\nwww.rabitti.eu - info@rabitti.eu\"\n\t\t\t\t\t\t     data-videoid=\"xD7p5Fu2bAo\" style=\"display:none\">\n\t\t\t<\/div>\n\n\n\t\t\t<!-- END UNITEGALLERY --><\/p>\n<p>\r\n\t\t\t\t\t\n\r\n\t\t\t\t\t<!-- START UNITE GALLERY 1.7.62 -->\r\n\t\t\t\t\t\r\n\t\t\t\t\n\t\t\t<div id='unitegallery_2_6' class='unite-gallery' style='margin:0px auto;'>\n\t\t\t\t\n\n\t\t\t\t\t\t<img decoding=\"async\" alt=\"olive_mature_toscane\"\n\t\t\t\t\t\t     src=\"\" data-image=\"https:\/\/www.rabitti.eu\/wp-content\/uploads\/2016\/08\/olive_mature_toscane.jpg\"\n\t\t\t\t\t\t     data-thumb=\"https:\/\/www.rabitti.eu\/wp-content\/uploads\/2016\/08\/olive_mature_toscane-300x201.jpg\"\n\t\t\t\t\t\t     title=\"\"\n\t\t\t\t\t\t     style=\"display:none\">\n\n\t\t\t\t\t\t<img decoding=\"async\" alt=\"olive_e_olio_toscano\"\n\t\t\t\t\t\t     src=\"\" data-image=\"https:\/\/www.rabitti.eu\/wp-content\/uploads\/2016\/08\/olive_e_olio_toscano.jpg\"\n\t\t\t\t\t\t     data-thumb=\"https:\/\/www.rabitti.eu\/wp-content\/uploads\/2016\/08\/olive_e_olio_toscano-225x300.jpg\"\n\t\t\t\t\t\t     title=\"\"\n\t\t\t\t\t\t     style=\"display:none\">\n\n\t\t\t\t\t\t<img decoding=\"async\" alt=\"raccolta_manuale_olive\"\n\t\t\t\t\t\t     src=\"\" data-image=\"https:\/\/www.rabitti.eu\/wp-content\/uploads\/2016\/08\/raccolta_manuale_olive.jpg\"\n\t\t\t\t\t\t     data-thumb=\"https:\/\/www.rabitti.eu\/wp-content\/uploads\/2016\/08\/raccolta_manuale_olive-300x238.jpg\"\n\t\t\t\t\t\t     title=\"\"\n\t\t\t\t\t\t     style=\"display:none\">\n\n\t\t\t\t\t\t<img decoding=\"async\" alt=\"mignolatura_olivi\"\n\t\t\t\t\t\t     src=\"\" data-image=\"https:\/\/www.rabitti.eu\/wp-content\/uploads\/2016\/08\/mignolatura_olivi.jpg\"\n\t\t\t\t\t\t     data-thumb=\"https:\/\/www.rabitti.eu\/wp-content\/uploads\/2016\/08\/mignolatura_olivi-300x201.jpg\"\n\t\t\t\t\t\t     title=\"\"\n\t\t\t\t\t\t     style=\"display:none\">\n\n\t\t\t\t\t\t<img decoding=\"async\" alt=\"olive_raccolte\"\n\t\t\t\t\t\t     src=\"\" data-image=\"https:\/\/www.rabitti.eu\/wp-content\/uploads\/2016\/08\/olive_raccolte.jpg\"\n\t\t\t\t\t\t     data-thumb=\"https:\/\/www.rabitti.eu\/wp-content\/uploads\/2016\/08\/olive_raccolte-300x225.jpg\"\n\t\t\t\t\t\t     title=\"\"\n\t\t\t\t\t\t     style=\"display:none\">\n\n\t\t\t\t\t\t<img decoding=\"async\" alt=\"olive_pronte_raccolta\"\n\t\t\t\t\t\t     src=\"\" data-image=\"https:\/\/www.rabitti.eu\/wp-content\/uploads\/2016\/08\/olive_pronte_raccolta.jpg\"\n\t\t\t\t\t\t     data-thumb=\"https:\/\/www.rabitti.eu\/wp-content\/uploads\/2016\/08\/olive_pronte_raccolta-300x225.jpg\"\n\t\t\t\t\t\t     title=\"\"\n\t\t\t\t\t\t     style=\"display:none\">\n\t\t\t<\/div>\n\n\n\t\t\t<!-- END UNITEGALLERY --><\/p>","protected":false},"excerpt":{"rendered":"<p>D&rsquo;une s\u00e9lection rigoureuse de notres olives, cueillies \u00e0 main uniquement, et d&rsquo;un pressage doux \u00ab\u00a0\u00e0 froid\u00a0\u00bb est l&rsquo;huile d&rsquo;olive vierge Rabitti en deux versions: le m\u00e9lange (s\u00e9lection des olives des types Frantoio, Leccino et Moraiolo) et monocultivar (100% Moraiolo). Nous envoyons notre huile dans toute l&rsquo;Italie et bien \u00e0 l&rsquo;\u00e9tranger: pour plus d&rsquo;informations n\u00b4h\u00e9sitez pas [&hellip;]<\/p>\n","protected":false},"author":1,"featured_media":199,"parent":0,"menu_order":0,"comment_status":"closed","ping_status":"closed","template":"","meta":{"footnotes":""},"class_list":["post-14","page","type-page","status-publish","has-post-thumbnail","czr-hentry"],"yoast_head":"<!-- This site is optimized with the Yoast SEO plugin v25.9 - https:\/\/yoast.com\/wordpress\/plugins\/seo\/ -->\n<title>Rabitti: l&#039;huile d&#039;olive vierge extra - Ferme Rabitti<\/title>\n<meta name=\"robots\" content=\"index, follow, max-snippet:-1, max-image-preview:large, max-video-preview:-1\" \/>\n<link rel=\"canonical\" href=\"https:\/\/www.rabitti.eu\/olio.php\" \/>\n<meta property=\"og:locale\" content=\"fr_FR\" \/>\n<meta property=\"og:type\" content=\"article\" \/>\n<meta property=\"og:title\" content=\"Rabitti: l&#039;huile d&#039;olive vierge extra - Ferme Rabitti\" \/>\n<meta property=\"og:description\" content=\"D&rsquo;une s\u00e9lection rigoureuse de notres olives, cueillies \u00e0 main uniquement, et d&rsquo;un pressage doux \u00ab\u00a0\u00e0 froid\u00a0\u00bb est l&rsquo;huile d&rsquo;olive vierge Rabitti en deux versions: le m\u00e9lange (s\u00e9lection des olives des types Frantoio, Leccino et Moraiolo) et monocultivar (100% Moraiolo). Nous envoyons notre huile dans toute l&rsquo;Italie et bien \u00e0 l&rsquo;\u00e9tranger: pour plus d&rsquo;informations n\u00b4h\u00e9sitez pas [&hellip;]\" \/>\n<meta property=\"og:url\" content=\"https:\/\/www.rabitti.eu\/olio.php\" \/>\n<meta property=\"og:site_name\" content=\"Ferme Rabitti\" \/>\n<meta property=\"article:modified_time\" content=\"2016-11-15T09:17:52+00:00\" \/>\n<meta property=\"og:image\" content=\"https:\/\/www.rabitti.eu\/wp-content\/uploads\/2016\/08\/olive_e_olio_toscano.jpg\" \/>\n\t<meta property=\"og:image:width\" content=\"638\" \/>\n\t<meta property=\"og:image:height\" content=\"850\" \/>\n\t<meta property=\"og:image:type\" content=\"image\/jpeg\" \/>\n<meta name=\"twitter:card\" content=\"summary_large_image\" \/>\n<meta name=\"twitter:label1\" content=\"Dur\u00e9e de lecture estim\u00e9e\" \/>\n\t<meta name=\"twitter:data1\" content=\"4 minutes\" \/>\n<script type=\"application\/ld+json\" class=\"yoast-schema-graph\">{\"@context\":\"https:\/\/schema.org\",\"@graph\":[{\"@type\":\"WebPage\",\"@id\":\"https:\/\/www.rabitti.eu\/olio.php\",\"url\":\"https:\/\/www.rabitti.eu\/olio.php\",\"name\":\"Rabitti: l'huile d'olive vierge extra - Ferme Rabitti\",\"isPartOf\":{\"@id\":\"http:\/\/www.rabitti.eu\/#website\"},\"primaryImageOfPage\":{\"@id\":\"https:\/\/www.rabitti.eu\/olio.php#primaryimage\"},\"image\":{\"@id\":\"https:\/\/www.rabitti.eu\/olio.php#primaryimage\"},\"thumbnailUrl\":\"https:\/\/www.rabitti.eu\/wp-content\/uploads\/2016\/08\/olive_e_olio_toscano.jpg\",\"datePublished\":\"2016-08-20T13:48:41+00:00\",\"dateModified\":\"2016-11-15T09:17:52+00:00\",\"breadcrumb\":{\"@id\":\"https:\/\/www.rabitti.eu\/olio.php#breadcrumb\"},\"inLanguage\":\"fr-FR\",\"potentialAction\":[{\"@type\":\"ReadAction\",\"target\":[\"https:\/\/www.rabitti.eu\/olio.php\"]}]},{\"@type\":\"ImageObject\",\"inLanguage\":\"fr-FR\",\"@id\":\"https:\/\/www.rabitti.eu\/olio.php#primaryimage\",\"url\":\"https:\/\/www.rabitti.eu\/wp-content\/uploads\/2016\/08\/olive_e_olio_toscano.jpg\",\"contentUrl\":\"https:\/\/www.rabitti.eu\/wp-content\/uploads\/2016\/08\/olive_e_olio_toscano.jpg\",\"width\":638,\"height\":850,\"caption\":\"(Italiano) Olive e olio toscano\"},{\"@type\":\"BreadcrumbList\",\"@id\":\"https:\/\/www.rabitti.eu\/olio.php#breadcrumb\",\"itemListElement\":[{\"@type\":\"ListItem\",\"position\":1,\"name\":\"Home\",\"item\":\"https:\/\/www.rabitti.eu\/en\/\"},{\"@type\":\"ListItem\",\"position\":2,\"name\":\"Rabitti: l&#8217;olio extravergine di oliva\"}]},{\"@type\":\"WebSite\",\"@id\":\"http:\/\/www.rabitti.eu\/#website\",\"url\":\"http:\/\/www.rabitti.eu\/\",\"name\":\"Ferme Rabitti\",\"description\":\"Vin, truffes, huile d&#039;olive extra vierge\",\"potentialAction\":[{\"@type\":\"SearchAction\",\"target\":{\"@type\":\"EntryPoint\",\"urlTemplate\":\"http:\/\/www.rabitti.eu\/?s={search_term_string}\"},\"query-input\":{\"@type\":\"PropertyValueSpecification\",\"valueRequired\":true,\"valueName\":\"search_term_string\"}}],\"inLanguage\":\"fr-FR\"}]}<\/script>\n<!-- \/ Yoast SEO plugin. -->","yoast_head_json":{"title":"Rabitti: l'huile d'olive vierge extra - Ferme Rabitti","robots":{"index":"index","follow":"follow","max-snippet":"max-snippet:-1","max-image-preview":"max-image-preview:large","max-video-preview":"max-video-preview:-1"},"canonical":"https:\/\/www.rabitti.eu\/olio.php","og_locale":"fr_FR","og_type":"article","og_title":"Rabitti: l'huile d'olive vierge extra - Ferme Rabitti","og_description":"D&rsquo;une s\u00e9lection rigoureuse de notres olives, cueillies \u00e0 main uniquement, et d&rsquo;un pressage doux \u00ab\u00a0\u00e0 froid\u00a0\u00bb est l&rsquo;huile d&rsquo;olive vierge Rabitti en deux versions: le m\u00e9lange (s\u00e9lection des olives des types Frantoio, Leccino et Moraiolo) et monocultivar (100% Moraiolo). Nous envoyons notre huile dans toute l&rsquo;Italie et bien \u00e0 l&rsquo;\u00e9tranger: pour plus d&rsquo;informations n\u00b4h\u00e9sitez pas [&hellip;]","og_url":"https:\/\/www.rabitti.eu\/olio.php","og_site_name":"Ferme Rabitti","article_modified_time":"2016-11-15T09:17:52+00:00","og_image":[{"width":638,"height":850,"url":"https:\/\/www.rabitti.eu\/wp-content\/uploads\/2016\/08\/olive_e_olio_toscano.jpg","type":"image\/jpeg"}],"twitter_card":"summary_large_image","twitter_misc":{"Dur\u00e9e de lecture estim\u00e9e":"4 minutes"},"schema":{"@context":"https:\/\/schema.org","@graph":[{"@type":"WebPage","@id":"https:\/\/www.rabitti.eu\/olio.php","url":"https:\/\/www.rabitti.eu\/olio.php","name":"Rabitti: l'huile d'olive vierge extra - Ferme Rabitti","isPartOf":{"@id":"http:\/\/www.rabitti.eu\/#website"},"primaryImageOfPage":{"@id":"https:\/\/www.rabitti.eu\/olio.php#primaryimage"},"image":{"@id":"https:\/\/www.rabitti.eu\/olio.php#primaryimage"},"thumbnailUrl":"https:\/\/www.rabitti.eu\/wp-content\/uploads\/2016\/08\/olive_e_olio_toscano.jpg","datePublished":"2016-08-20T13:48:41+00:00","dateModified":"2016-11-15T09:17:52+00:00","breadcrumb":{"@id":"https:\/\/www.rabitti.eu\/olio.php#breadcrumb"},"inLanguage":"fr-FR","potentialAction":[{"@type":"ReadAction","target":["https:\/\/www.rabitti.eu\/olio.php"]}]},{"@type":"ImageObject","inLanguage":"fr-FR","@id":"https:\/\/www.rabitti.eu\/olio.php#primaryimage","url":"https:\/\/www.rabitti.eu\/wp-content\/uploads\/2016\/08\/olive_e_olio_toscano.jpg","contentUrl":"https:\/\/www.rabitti.eu\/wp-content\/uploads\/2016\/08\/olive_e_olio_toscano.jpg","width":638,"height":850,"caption":"(Italiano) Olive e olio toscano"},{"@type":"BreadcrumbList","@id":"https:\/\/www.rabitti.eu\/olio.php#breadcrumb","itemListElement":[{"@type":"ListItem","position":1,"name":"Home","item":"https:\/\/www.rabitti.eu\/en\/"},{"@type":"ListItem","position":2,"name":"Rabitti: l&#8217;olio extravergine di oliva"}]},{"@type":"WebSite","@id":"http:\/\/www.rabitti.eu\/#website","url":"http:\/\/www.rabitti.eu\/","name":"Ferme Rabitti","description":"Vin, truffes, huile d&#039;olive extra vierge","potentialAction":[{"@type":"SearchAction","target":{"@type":"EntryPoint","urlTemplate":"http:\/\/www.rabitti.eu\/?s={search_term_string}"},"query-input":{"@type":"PropertyValueSpecification","valueRequired":true,"valueName":"search_term_string"}}],"inLanguage":"fr-FR"}]}},"_links":{"self":[{"href":"https:\/\/www.rabitti.eu\/fr\/wp-json\/wp\/v2\/pages\/14","targetHints":{"allow":["GET"]}}],"collection":[{"href":"https:\/\/www.rabitti.eu\/fr\/wp-json\/wp\/v2\/pages"}],"about":[{"href":"https:\/\/www.rabitti.eu\/fr\/wp-json\/wp\/v2\/types\/page"}],"author":[{"embeddable":true,"href":"https:\/\/www.rabitti.eu\/fr\/wp-json\/wp\/v2\/users\/1"}],"replies":[{"embeddable":true,"href":"https:\/\/www.rabitti.eu\/fr\/wp-json\/wp\/v2\/comments?post=14"}],"version-history":[{"count":48,"href":"https:\/\/www.rabitti.eu\/fr\/wp-json\/wp\/v2\/pages\/14\/revisions"}],"predecessor-version":[{"id":308,"href":"https:\/\/www.rabitti.eu\/fr\/wp-json\/wp\/v2\/pages\/14\/revisions\/308"}],"wp:featuredmedia":[{"embeddable":true,"href":"https:\/\/www.rabitti.eu\/fr\/wp-json\/wp\/v2\/media\/199"}],"wp:attachment":[{"href":"https:\/\/www.rabitti.eu\/fr\/wp-json\/wp\/v2\/media?parent=14"}],"curies":[{"name":"wp","href":"https:\/\/api.w.org\/{rel}","templated":true}]}}