{"id":12,"date":"2016-08-20T15:47:42","date_gmt":"2016-08-20T13:47:42","guid":{"rendered":"http:\/\/www.wp.rabitti.eu\/?page_id=12"},"modified":"2016-11-15T10:15:12","modified_gmt":"2016-11-15T09:15:12","slug":"vino","status":"publish","type":"page","link":"https:\/\/www.rabitti.eu\/fr\/vin.php","title":{"rendered":"Rabitti: le vin"},"content":{"rendered":"<p>Actuellement notre vin est divis\u00e9 en deux types, tous les deux <strong>I.G.T. certifi\u00e9s Toscane<\/strong>. <em>PerElisa<\/em>, un vin rouge de la s\u00e9lection de Cabernet Sauvignon et Sangiovese et <em>Orofino<\/em>, le vin blanc obtenu des raisins du Trebbiano de Toscane et Malvasia.<\/p>\n<h2>PerElisa &#8211; I.G.T. Toscana Rosso (I.G.T. de Toscane Rouge)<\/h2>\n<p><strong><a href=\"http:\/\/www.rabitti.eu\/wp-content\/uploads\/2016\/08\/PerElisa_hr-1.jpg\"><img loading=\"lazy\" decoding=\"async\" class=\"alignleft wp-image-107 size-medium\" src=\"http:\/\/www.wp.rabitti.eu\/wp-content\/uploads\/2016\/08\/PerElisa_hr-1-298x300.jpg\" alt=\"PerElisa - I.G.T. Toscana Rosso\" width=\"298\" height=\"300\" srcset=\"https:\/\/www.rabitti.eu\/wp-content\/uploads\/2016\/08\/PerElisa_hr-1-298x300.jpg 298w, https:\/\/www.rabitti.eu\/wp-content\/uploads\/2016\/08\/PerElisa_hr-1-150x150.jpg 150w, https:\/\/www.rabitti.eu\/wp-content\/uploads\/2016\/08\/PerElisa_hr-1.jpg 645w\" sizes=\"auto, (max-width: 298px) 100vw, 298px\" \/><\/a><\/strong><\/p>\n<p><strong>Elisa Bonaparte<\/strong>, s\u0153ur de Napol\u00e9on, a trouv\u00e9 dans le \u00abSuvereto Calzalunga, Toscane\u00bb, un excellent terroir o\u00f9 pousser <u>ses vignes<\/u> &#8211; le m\u00eame qui accueille actuellement les notres. Elisa avait ordonn\u00e9 qu\u00b4elles fussent implant\u00e9es avec un m\u00e9lange de c\u00e9pages fran\u00e7ais, venant directement du jardin botanique de Marseille, et de c\u00e9pages autochtones de Toscane.<\/p>\n<blockquote><p>Production area: Loc. Calzalunga &#8211; Suvereto (LI)<br \/>\nHarvest: manual in preforated boxes,\u00a0with careful selection of grapes<br \/>\nOutput per hectare: less than\u00a050 q.li\/ha<br \/>\nTraining system:\u00a0spurred cordon<\/p><\/blockquote>\n<p>\u00ab\u00a0<em>PerElisa<\/em>\u00a0\u00bb c\u00b4est donc le vin qui a \u00e9t\u00e9 produit <strong>express\u00e9ment pour la<\/strong><strong>Princesse<\/strong> Bonaparte qui le voulait toujours pr\u00e9sent \u00e0 sa table.<\/p>\n<p>Produit selon des m\u00e9thodes naturelles avec des raisins de Cabernet Sauvignon en ajoutant d&rsquo;autres c\u00e9pages rouges indig\u00e8nes de la r\u00e9gion (comme souhait\u00e9 par la Princesse), laiss\u00e9 vieillir pour 12 mois en petites barriques de ch\u00eane fran\u00e7ais, puis affin\u00e9 encore 8-10 mois en bouteille.<\/p>\n<p><em>D\u00e9charger la fiche technique .jpg (<\/em><strong><a href=\"http:\/\/www.rabitti.eu\/immagini\/Scheda_tecnica_PerElisa.jpg\" target=\"_blank\">\u00bb<\/a><a href=\"http:\/\/www.rabitti.eu\/immagini\/Scheda_tecnica_PerElisa.jpg\" target=\"_blank\"> technique \u00ab\u00a0PerElisa\u00a0\u00bb<\/a><\/strong><em>)<\/em><\/p>\n<p><strong>\u00a0<\/strong><\/p>\n<h2>Orofino &#8211; I.G.T. Toscana Bianco (I.G.T. de Toscane Blanc)<\/h2>\n<p><a href=\"http:\/\/www.rabitti.eu\/wp-content\/uploads\/2016\/08\/Orofino_hr.jpg\"><img loading=\"lazy\" decoding=\"async\" class=\"alignleft wp-image-108 size-medium\" src=\"http:\/\/www.wp.rabitti.eu\/wp-content\/uploads\/2016\/08\/Orofino_hr-298x300.jpg\" alt=\"Orofino - I.G.T. Toscana Bianco\" width=\"298\" height=\"300\" srcset=\"https:\/\/www.rabitti.eu\/wp-content\/uploads\/2016\/08\/Orofino_hr-298x300.jpg 298w, https:\/\/www.rabitti.eu\/wp-content\/uploads\/2016\/08\/Orofino_hr-150x150.jpg 150w, https:\/\/www.rabitti.eu\/wp-content\/uploads\/2016\/08\/Orofino_hr.jpg 645w\" sizes=\"auto, (max-width: 298px) 100vw, 298px\" \/><\/a><\/p>\n<p>R\u00e9sultat la red\u00e9couverte de vieilles vignes (<em>ag\u00e9es 40 ans<\/em>) et d\u00b4une coupe ancienne d\u00b4abord cr\u00e9\u00e9 pour donner lieu au VinSanto \u00abSaint-Vin\u00bb de Toscane (<em>Malvasia et Trebbiano Toscano<\/em>).<\/p>\n<blockquote><p>Production area: Loc. Calzalunga &#8211; Suvereto (LI)<br \/>\nHarvest: manual in preforated boxes,\u00a0with careful selection of grapes<br \/>\nOutput per hectare: less than\u00a050 q.li\/ha<br \/>\nTraining system:\u00a0spurred cordon<\/p><\/blockquote>\n<p>\u00ab\u00a0<em>Orofino<\/em>\u00a0\u00bb est produit selon des<strong>m\u00e9thodes naturelles<\/strong>, sans mac\u00e9ration de la peau des raisins et ferment\u00e9 \u00e0 basse temp\u00e9rature; pendant tout la proc\u00e9dure ne subit pas de clarification ni filtration. Tout cela, gr\u00e2ce au soin particulier apport\u00e9 \u00e0 la vigne, peut d\u00e9velopper des ar\u00f4mes et de sensations d\u00e9sormais oubli\u00e9s&#8230;<\/p>\n<p><em>D\u00e9charger la fiche technique .jpg (<\/em><strong><a href=\"http:\/\/www.rabitti.eu\/immagini\/Scheda_tecnica_Orofino.jpg\" target=\"_blank\">\u00bb<\/a><a href=\"http:\/\/www.rabitti.eu\/immagini\/Scheda_tecnica_Orofino.jpg\" target=\"_blank\">technique \u00ab\u00a0Orofino\u00a0\u00bb<\/a><\/strong><em>)<\/em><\/p>\n<p>\r\n\t\t\t\t\t\n\r\n\t\t\t\t\t<!-- START UNITE GALLERY 1.7.62 -->\r\n\t\t\t\t\t\r\n\t\t\t\t\n\t\t\t<div id='unitegallery_11_3' class='unite-gallery' style='margin:0px auto;'>\n\t\t\t\t\n\n\t\t\t\t\t\t<img decoding=\"async\" alt=\"Forex_PVC_50x70_VINO_LOW_\"\n\t\t\t\t\t\t     src=\"\" data-image=\"https:\/\/www.rabitti.eu\/wp-content\/uploads\/2016\/08\/Forex_PVC_50x70_VINO_LOW_.jpg\"\n\t\t\t\t\t\t     data-thumb=\"https:\/\/www.rabitti.eu\/wp-content\/uploads\/2016\/08\/Forex_PVC_50x70_VINO_LOW_-214x300.jpg\"\n\t\t\t\t\t\t     title=\"\"\n\t\t\t\t\t\t     style=\"display:none\">\n\n\t\t\t\t\t\t<img decoding=\"async\" alt=\"vigna_cielo\"\n\t\t\t\t\t\t     src=\"\" data-image=\"https:\/\/www.rabitti.eu\/wp-content\/uploads\/2016\/08\/vigna_cielo.jpg\"\n\t\t\t\t\t\t     data-thumb=\"https:\/\/www.rabitti.eu\/wp-content\/uploads\/2016\/08\/vigna_cielo-225x300.jpg\"\n\t\t\t\t\t\t     title=\"\"\n\t\t\t\t\t\t     style=\"display:none\">\n\n\t\t\t\t\t\t<img decoding=\"async\" alt=\"Rabitti_cantina\"\n\t\t\t\t\t\t     src=\"\" data-image=\"https:\/\/www.rabitti.eu\/wp-content\/uploads\/2016\/08\/Rabitti_cantina.jpg\"\n\t\t\t\t\t\t     data-thumb=\"https:\/\/www.rabitti.eu\/wp-content\/uploads\/2016\/08\/Rabitti_cantina-300x228.jpg\"\n\t\t\t\t\t\t     title=\"\"\n\t\t\t\t\t\t     style=\"display:none\">\n\n\t\t\t\t\t\t<img decoding=\"async\" alt=\"vigna_autunno\"\n\t\t\t\t\t\t     src=\"\" data-image=\"https:\/\/www.rabitti.eu\/wp-content\/uploads\/2016\/08\/vigna_autunno.jpg\"\n\t\t\t\t\t\t     data-thumb=\"https:\/\/www.rabitti.eu\/wp-content\/uploads\/2016\/08\/vigna_autunno-300x221.jpg\"\n\t\t\t\t\t\t     title=\"\"\n\t\t\t\t\t\t     style=\"display:none\">\n\n\t\t\t\t\t\t<img decoding=\"async\" alt=\"sovescio_vigna\"\n\t\t\t\t\t\t     src=\"\" data-image=\"https:\/\/www.rabitti.eu\/wp-content\/uploads\/2016\/08\/sovescio_vigna.jpg\"\n\t\t\t\t\t\t     data-thumb=\"https:\/\/www.rabitti.eu\/wp-content\/uploads\/2016\/08\/sovescio_vigna-300x158.jpg\"\n\t\t\t\t\t\t     title=\"\"\n\t\t\t\t\t\t     style=\"display:none\">\n\n\t\t\t\t\t\t<img decoding=\"async\" alt=\"coccinella_vigna\"\n\t\t\t\t\t\t     src=\"\" data-image=\"https:\/\/www.rabitti.eu\/wp-content\/uploads\/2016\/08\/coccinella_vigna.jpg\"\n\t\t\t\t\t\t     data-thumb=\"https:\/\/www.rabitti.eu\/wp-content\/uploads\/2016\/08\/coccinella_vigna-225x300.jpg\"\n\t\t\t\t\t\t     title=\"\"\n\t\t\t\t\t\t     style=\"display:none\">\n\n\t\t\t\t\t\t<img decoding=\"async\" alt=\"bottiglie_vino\"\n\t\t\t\t\t\t     src=\"\" data-image=\"https:\/\/www.rabitti.eu\/wp-content\/uploads\/2016\/08\/bottiglie_vino.jpg\"\n\t\t\t\t\t\t     data-thumb=\"https:\/\/www.rabitti.eu\/wp-content\/uploads\/2016\/08\/bottiglie_vino-300x225.jpg\"\n\t\t\t\t\t\t     title=\"\"\n\t\t\t\t\t\t     style=\"display:none\">\n\n\t\t\t\t\t\t<img decoding=\"async\" alt=\"gatto_vigna\"\n\t\t\t\t\t\t     src=\"\" data-image=\"https:\/\/www.rabitti.eu\/wp-content\/uploads\/2016\/08\/gatto_vigna.jpg\"\n\t\t\t\t\t\t     data-thumb=\"https:\/\/www.rabitti.eu\/wp-content\/uploads\/2016\/08\/gatto_vigna-300x201.jpg\"\n\t\t\t\t\t\t     title=\"\"\n\t\t\t\t\t\t     style=\"display:none\">\n\n\t\t\t\t\t\t<img decoding=\"async\" alt=\"Flavio Rabitti, Azienda agricola &quot;Rabitti&quot;, Suvereto (LI), Toscana, Italia\"\n\t\t\t\t\t\t     src=\"\" data-image=\"https:\/\/www.rabitti.eu\/wp-content\/uploads\/2021\/05\/00044-Rabitti-1024x682.jpg\"\n\t\t\t\t\t\t     data-thumb=\"https:\/\/www.rabitti.eu\/wp-content\/uploads\/2021\/05\/00044-Rabitti-300x200.jpg\"\n\t\t\t\t\t\t     title=\"\"\n\t\t\t\t\t\t     style=\"display:none\">\n\n\t\t\t\t\t\t<img decoding=\"async\" alt=\"barrique_\"\n\t\t\t\t\t\t     src=\"\" data-image=\"https:\/\/www.rabitti.eu\/wp-content\/uploads\/2016\/08\/barrique_.jpg\"\n\t\t\t\t\t\t     data-thumb=\"https:\/\/www.rabitti.eu\/wp-content\/uploads\/2016\/08\/barrique_-300x201.jpg\"\n\t\t\t\t\t\t     title=\"\"\n\t\t\t\t\t\t     style=\"display:none\">\n\n\t\t\t\t\t\t<img decoding=\"async\" alt=\"per_elisa_tappo_sughero\"\n\t\t\t\t\t\t     src=\"\" data-image=\"https:\/\/www.rabitti.eu\/wp-content\/uploads\/2016\/08\/per_elisa_tappo_sughero.jpg\"\n\t\t\t\t\t\t     data-thumb=\"https:\/\/www.rabitti.eu\/wp-content\/uploads\/2016\/08\/per_elisa_tappo_sughero-300x201.jpg\"\n\t\t\t\t\t\t     title=\"\"\n\t\t\t\t\t\t     style=\"display:none\">\n\n\t\t\t\t\t\t<img decoding=\"async\" alt=\"scatole_vino\"\n\t\t\t\t\t\t     src=\"\" data-image=\"https:\/\/www.rabitti.eu\/wp-content\/uploads\/2016\/08\/scatole_vino.jpg\"\n\t\t\t\t\t\t     data-thumb=\"https:\/\/www.rabitti.eu\/wp-content\/uploads\/2016\/08\/scatole_vino-300x201.jpg\"\n\t\t\t\t\t\t     title=\"\"\n\t\t\t\t\t\t     style=\"display:none\">\n\n\t\t\t\t\t\t<img decoding=\"async\" alt=\"mezza_cotto_cantina\"\n\t\t\t\t\t\t     src=\"\" data-image=\"https:\/\/www.rabitti.eu\/wp-content\/uploads\/2016\/08\/mezza_cotto_cantina.jpg\"\n\t\t\t\t\t\t     data-thumb=\"https:\/\/www.rabitti.eu\/wp-content\/uploads\/2016\/08\/mezza_cotto_cantina-300x159.jpg\"\n\t\t\t\t\t\t     title=\"\"\n\t\t\t\t\t\t     style=\"display:none\">\n\n\t\t\t\t\t\t<img decoding=\"async\" alt=\"imbottigliamento_vino\"\n\t\t\t\t\t\t     src=\"\" data-image=\"https:\/\/www.rabitti.eu\/wp-content\/uploads\/2016\/08\/imbottigliamento_vino.jpg\"\n\t\t\t\t\t\t     data-thumb=\"https:\/\/www.rabitti.eu\/wp-content\/uploads\/2016\/08\/imbottigliamento_vino-300x195.jpg\"\n\t\t\t\t\t\t     title=\"\"\n\t\t\t\t\t\t     style=\"display:none\">\n\t\t\t<\/div>\n\n\n\t\t\t<!-- END UNITEGALLERY --><\/p>","protected":false},"excerpt":{"rendered":"<p>Actuellement notre vin est divis\u00e9 en deux types, tous les deux I.G.T. certifi\u00e9s Toscane. PerElisa, un vin rouge de la s\u00e9lection de Cabernet Sauvignon et Sangiovese et Orofino, le vin blanc obtenu des raisins du Trebbiano de Toscane et Malvasia. PerElisa &#8211; I.G.T. Toscana Rosso (I.G.T. de Toscane Rouge) Elisa Bonaparte, s\u0153ur de Napol\u00e9on, a [&hellip;]<\/p>\n","protected":false},"author":1,"featured_media":60,"parent":0,"menu_order":0,"comment_status":"closed","ping_status":"closed","template":"","meta":{"footnotes":""},"class_list":["post-12","page","type-page","status-publish","has-post-thumbnail","czr-hentry"],"yoast_head":"<!-- This site is optimized with the Yoast SEO plugin v25.9 - https:\/\/yoast.com\/wordpress\/plugins\/seo\/ -->\n<title>Rabitti: le vin - Ferme Rabitti<\/title>\n<meta name=\"robots\" content=\"index, follow, max-snippet:-1, max-image-preview:large, max-video-preview:-1\" \/>\n<link rel=\"canonical\" href=\"https:\/\/www.rabitti.eu\/vino.php\" \/>\n<meta property=\"og:locale\" content=\"fr_FR\" \/>\n<meta property=\"og:type\" content=\"article\" \/>\n<meta property=\"og:title\" content=\"Rabitti: le vin - Ferme Rabitti\" \/>\n<meta property=\"og:description\" content=\"Actuellement notre vin est divis\u00e9 en deux types, tous les deux I.G.T. certifi\u00e9s Toscane. PerElisa, un vin rouge de la s\u00e9lection de Cabernet Sauvignon et Sangiovese et Orofino, le vin blanc obtenu des raisins du Trebbiano de Toscane et Malvasia. PerElisa &#8211; I.G.T. Toscana Rosso (I.G.T. de Toscane Rouge) Elisa Bonaparte, s\u0153ur de Napol\u00e9on, a [&hellip;]\" \/>\n<meta property=\"og:url\" content=\"https:\/\/www.rabitti.eu\/vino.php\" \/>\n<meta property=\"og:site_name\" content=\"Ferme Rabitti\" \/>\n<meta property=\"article:modified_time\" content=\"2016-11-15T09:15:12+00:00\" \/>\n<meta property=\"og:image\" content=\"https:\/\/www.rabitti.eu\/wp-content\/uploads\/2016\/08\/PerElisa_hr.jpg\" \/>\n\t<meta property=\"og:image:width\" content=\"645\" \/>\n\t<meta property=\"og:image:height\" content=\"650\" \/>\n\t<meta property=\"og:image:type\" content=\"image\/jpeg\" \/>\n<meta name=\"twitter:card\" content=\"summary_large_image\" \/>\n<meta name=\"twitter:label1\" content=\"Dur\u00e9e de lecture estim\u00e9e\" \/>\n\t<meta name=\"twitter:data1\" content=\"5 minutes\" \/>\n<script type=\"application\/ld+json\" class=\"yoast-schema-graph\">{\"@context\":\"https:\/\/schema.org\",\"@graph\":[{\"@type\":\"WebPage\",\"@id\":\"https:\/\/www.rabitti.eu\/vino.php\",\"url\":\"https:\/\/www.rabitti.eu\/vino.php\",\"name\":\"Rabitti: le vin - Ferme Rabitti\",\"isPartOf\":{\"@id\":\"http:\/\/www.rabitti.eu\/#website\"},\"primaryImageOfPage\":{\"@id\":\"https:\/\/www.rabitti.eu\/vino.php#primaryimage\"},\"image\":{\"@id\":\"https:\/\/www.rabitti.eu\/vino.php#primaryimage\"},\"thumbnailUrl\":\"https:\/\/www.rabitti.eu\/wp-content\/uploads\/2016\/08\/PerElisa_hr.jpg\",\"datePublished\":\"2016-08-20T13:47:42+00:00\",\"dateModified\":\"2016-11-15T09:15:12+00:00\",\"breadcrumb\":{\"@id\":\"https:\/\/www.rabitti.eu\/vino.php#breadcrumb\"},\"inLanguage\":\"fr-FR\",\"potentialAction\":[{\"@type\":\"ReadAction\",\"target\":[\"https:\/\/www.rabitti.eu\/vino.php\"]}]},{\"@type\":\"ImageObject\",\"inLanguage\":\"fr-FR\",\"@id\":\"https:\/\/www.rabitti.eu\/vino.php#primaryimage\",\"url\":\"https:\/\/www.rabitti.eu\/wp-content\/uploads\/2016\/08\/PerElisa_hr.jpg\",\"contentUrl\":\"https:\/\/www.rabitti.eu\/wp-content\/uploads\/2016\/08\/PerElisa_hr.jpg\",\"width\":645,\"height\":650,\"caption\":\"Vini toscani di alta qualit\u00e0\"},{\"@type\":\"BreadcrumbList\",\"@id\":\"https:\/\/www.rabitti.eu\/vino.php#breadcrumb\",\"itemListElement\":[{\"@type\":\"ListItem\",\"position\":1,\"name\":\"Home\",\"item\":\"https:\/\/www.rabitti.eu\/en\/\"},{\"@type\":\"ListItem\",\"position\":2,\"name\":\"Rabitti: il vino\"}]},{\"@type\":\"WebSite\",\"@id\":\"http:\/\/www.rabitti.eu\/#website\",\"url\":\"http:\/\/www.rabitti.eu\/\",\"name\":\"Ferme Rabitti\",\"description\":\"Vin, truffes, huile d&#039;olive extra vierge\",\"potentialAction\":[{\"@type\":\"SearchAction\",\"target\":{\"@type\":\"EntryPoint\",\"urlTemplate\":\"http:\/\/www.rabitti.eu\/?s={search_term_string}\"},\"query-input\":{\"@type\":\"PropertyValueSpecification\",\"valueRequired\":true,\"valueName\":\"search_term_string\"}}],\"inLanguage\":\"fr-FR\"}]}<\/script>\n<!-- \/ Yoast SEO plugin. -->","yoast_head_json":{"title":"Rabitti: le vin - Ferme Rabitti","robots":{"index":"index","follow":"follow","max-snippet":"max-snippet:-1","max-image-preview":"max-image-preview:large","max-video-preview":"max-video-preview:-1"},"canonical":"https:\/\/www.rabitti.eu\/vino.php","og_locale":"fr_FR","og_type":"article","og_title":"Rabitti: le vin - Ferme Rabitti","og_description":"Actuellement notre vin est divis\u00e9 en deux types, tous les deux I.G.T. certifi\u00e9s Toscane. PerElisa, un vin rouge de la s\u00e9lection de Cabernet Sauvignon et Sangiovese et Orofino, le vin blanc obtenu des raisins du Trebbiano de Toscane et Malvasia. PerElisa &#8211; I.G.T. Toscana Rosso (I.G.T. de Toscane Rouge) Elisa Bonaparte, s\u0153ur de Napol\u00e9on, a [&hellip;]","og_url":"https:\/\/www.rabitti.eu\/vino.php","og_site_name":"Ferme Rabitti","article_modified_time":"2016-11-15T09:15:12+00:00","og_image":[{"width":645,"height":650,"url":"https:\/\/www.rabitti.eu\/wp-content\/uploads\/2016\/08\/PerElisa_hr.jpg","type":"image\/jpeg"}],"twitter_card":"summary_large_image","twitter_misc":{"Dur\u00e9e de lecture estim\u00e9e":"5 minutes"},"schema":{"@context":"https:\/\/schema.org","@graph":[{"@type":"WebPage","@id":"https:\/\/www.rabitti.eu\/vino.php","url":"https:\/\/www.rabitti.eu\/vino.php","name":"Rabitti: le vin - Ferme Rabitti","isPartOf":{"@id":"http:\/\/www.rabitti.eu\/#website"},"primaryImageOfPage":{"@id":"https:\/\/www.rabitti.eu\/vino.php#primaryimage"},"image":{"@id":"https:\/\/www.rabitti.eu\/vino.php#primaryimage"},"thumbnailUrl":"https:\/\/www.rabitti.eu\/wp-content\/uploads\/2016\/08\/PerElisa_hr.jpg","datePublished":"2016-08-20T13:47:42+00:00","dateModified":"2016-11-15T09:15:12+00:00","breadcrumb":{"@id":"https:\/\/www.rabitti.eu\/vino.php#breadcrumb"},"inLanguage":"fr-FR","potentialAction":[{"@type":"ReadAction","target":["https:\/\/www.rabitti.eu\/vino.php"]}]},{"@type":"ImageObject","inLanguage":"fr-FR","@id":"https:\/\/www.rabitti.eu\/vino.php#primaryimage","url":"https:\/\/www.rabitti.eu\/wp-content\/uploads\/2016\/08\/PerElisa_hr.jpg","contentUrl":"https:\/\/www.rabitti.eu\/wp-content\/uploads\/2016\/08\/PerElisa_hr.jpg","width":645,"height":650,"caption":"Vini toscani di alta qualit\u00e0"},{"@type":"BreadcrumbList","@id":"https:\/\/www.rabitti.eu\/vino.php#breadcrumb","itemListElement":[{"@type":"ListItem","position":1,"name":"Home","item":"https:\/\/www.rabitti.eu\/en\/"},{"@type":"ListItem","position":2,"name":"Rabitti: il vino"}]},{"@type":"WebSite","@id":"http:\/\/www.rabitti.eu\/#website","url":"http:\/\/www.rabitti.eu\/","name":"Ferme Rabitti","description":"Vin, truffes, huile d&#039;olive extra vierge","potentialAction":[{"@type":"SearchAction","target":{"@type":"EntryPoint","urlTemplate":"http:\/\/www.rabitti.eu\/?s={search_term_string}"},"query-input":{"@type":"PropertyValueSpecification","valueRequired":true,"valueName":"search_term_string"}}],"inLanguage":"fr-FR"}]}},"_links":{"self":[{"href":"https:\/\/www.rabitti.eu\/fr\/wp-json\/wp\/v2\/pages\/12","targetHints":{"allow":["GET"]}}],"collection":[{"href":"https:\/\/www.rabitti.eu\/fr\/wp-json\/wp\/v2\/pages"}],"about":[{"href":"https:\/\/www.rabitti.eu\/fr\/wp-json\/wp\/v2\/types\/page"}],"author":[{"embeddable":true,"href":"https:\/\/www.rabitti.eu\/fr\/wp-json\/wp\/v2\/users\/1"}],"replies":[{"embeddable":true,"href":"https:\/\/www.rabitti.eu\/fr\/wp-json\/wp\/v2\/comments?post=12"}],"version-history":[{"count":22,"href":"https:\/\/www.rabitti.eu\/fr\/wp-json\/wp\/v2\/pages\/12\/revisions"}],"predecessor-version":[{"id":306,"href":"https:\/\/www.rabitti.eu\/fr\/wp-json\/wp\/v2\/pages\/12\/revisions\/306"}],"wp:featuredmedia":[{"embeddable":true,"href":"https:\/\/www.rabitti.eu\/fr\/wp-json\/wp\/v2\/media\/60"}],"wp:attachment":[{"href":"https:\/\/www.rabitti.eu\/fr\/wp-json\/wp\/v2\/media?parent=12"}],"curies":[{"name":"wp","href":"https:\/\/api.w.org\/{rel}","templated":true}]}}